{"id":41,"date":"2019-02-27T11:14:22","date_gmt":"2019-02-27T10:14:22","guid":{"rendered":"http:\/\/www-1.steinzeitdorf-randau.de\/?page_id=41"},"modified":"2026-04-14T14:47:10","modified_gmt":"2026-04-14T12:47:10","slug":"start","status":"publish","type":"page","link":"https:\/\/www.steinzeitdorf-randau.de\/","title":{"rendered":""},"content":{"rendered":"\n<p><mark style=\"background-color:rgba(0, 0, 0, 0)\" class=\"has-inline-color has-vivid-green-cyan-color\">Letzte \u00c4nderung: <\/mark>14.04.2026<\/p>\n\n\n\n<figure class=\"wp-block-gallery has-nested-images columns-default is-cropped wp-block-gallery-1 is-layout-flex\">\n<figure class=\"wp-block-image size-large\"><img decoding=\"async\" loading=\"lazy\" width=\"683\" height=\"1024\" data-id=\"1919\"  src=\"https:\/\/www.steinzeitdorf-randau.de\/wp-content\/uploads\/2026\/04\/IMG-20260413-WA0009-683x1024.jpg\" alt=\"\" class=\"wp-image-1919\" srcset=\"https:\/\/www.steinzeitdorf-randau.de\/wp-content\/uploads\/2026\/04\/IMG-20260413-WA0009-683x1024.jpg 683w, https:\/\/www.steinzeitdorf-randau.de\/wp-content\/uploads\/2026\/04\/IMG-20260413-WA0009-200x300.jpg 200w, https:\/\/www.steinzeitdorf-randau.de\/wp-content\/uploads\/2026\/04\/IMG-20260413-WA0009-768x1152.jpg 768w, https:\/\/www.steinzeitdorf-randau.de\/wp-content\/uploads\/2026\/04\/IMG-20260413-WA0009.jpg 1024w\" sizes=\"(max-width: 683px) 100vw, 683px\" \/><\/figure>\n<\/figure>\n\n\n\n<figure class=\"wp-block-image size-large\"><img decoding=\"async\" loading=\"lazy\" width=\"650\" height=\"1024\" src=\"https:\/\/www.steinzeitdorf-randau.de\/wp-content\/uploads\/2026\/03\/IMG_20260227_104651-650x1024.jpg\" alt=\"\" class=\"wp-image-1908\" srcset=\"https:\/\/www.steinzeitdorf-randau.de\/wp-content\/uploads\/2026\/03\/IMG_20260227_104651-650x1024.jpg 650w, https:\/\/www.steinzeitdorf-randau.de\/wp-content\/uploads\/2026\/03\/IMG_20260227_104651-190x300.jpg 190w, https:\/\/www.steinzeitdorf-randau.de\/wp-content\/uploads\/2026\/03\/IMG_20260227_104651-768x1211.jpg 768w, https:\/\/www.steinzeitdorf-randau.de\/wp-content\/uploads\/2026\/03\/IMG_20260227_104651.jpg 800w\" sizes=\"(max-width: 650px) 100vw, 650px\" \/><\/figure>\n\n\n\n<p>In unserem steinzeitlichen Dorf beginnt nach dem schneereichen Winter eine arbeitsreiche Zeit.<br>Das Leben war und ist stark von der Natur abh\u00e4ngig \u2013 und mit den ersten w\u00e4rmeren Tagen \u00e4ndert sich vieles.<\/p>\n\n\n\n<p>Wie war es nach einem Winter in einem steinzeitlichen Dorf?<\/p>\n\n\n\n<p>Die Winter waren kalt, dunkel und oft entbehrungsreich. Vorr\u00e4te wurden knapp, die Jagd war schwierig, und die Menschen verbrachten viel Zeit in ihren gesch\u00fctzten Langh\u00e4usern.<br>Mit dem Fr\u00fchling schmolz der Schnee, Fl\u00fcsse f\u00fchrten wieder mehr Wasser und die Tiere wurden aktiver.<br>Erste Pflanzen begannen zu wachsen. Das bedeutete Hoffnung, vielleicht mit Fr\u00fchlingsritualen \u2013 aber definitiv mit viel Arbeit.<\/p>\n\n\n\n<p>Auch wir vom F\u00f6rderverein werden gemeinsam mit unseren Freunden der Pfeiffersche Stiftungen unser Steinzeitdorf zu neuem Leben erwecken und freuen uns auf viele interessierte Besucher.<\/p>\n\n\n\n<p><a href=\"https:\/\/www.magdeburg.de\/\">https:\/\/www.magdeburg.de\/<\/a><\/p>\n\n\n\n<figure class=\"wp-block-embed is-type-wp-embed is-provider-randau-calenberge-entdecken wp-block-embed-randau-calenberge-entdecken\"><div class=\"wp-block-embed__wrapper\">\n<blockquote class=\"wp-embedded-content\" data-secret=\"VxzAe12flW\"><a href=\"https:\/\/randau-calenberge.de\/\">Die Seite 1<\/a><\/blockquote><iframe class=\"wp-embedded-content\" sandbox=\"allow-scripts\" security=\"restricted\" style=\"position: absolute; clip: rect(1px, 1px, 1px, 1px);\" title=\"&#8222;Die Seite 1&#8220; &#8211; Randau-Calenberge entdecken\" src=\"https:\/\/randau-calenberge.de\/embed\/#?secret=vaEoA8BEis#?secret=VxzAe12flW\" data-secret=\"VxzAe12flW\" width=\"600\" height=\"338\" frameborder=\"0\" marginwidth=\"0\" marginheight=\"0\" scrolling=\"no\"><\/iframe>\n<\/div><\/figure>\n\n\n\n<figure class=\"wp-block-image size-large\"><img decoding=\"async\" loading=\"lazy\" width=\"1024\" height=\"771\" src=\"https:\/\/www.steinzeitdorf-randau.de\/wp-content\/uploads\/2026\/03\/IMG-20260228-WA0014-1024x771.jpg\" alt=\"\" class=\"wp-image-1902\" srcset=\"https:\/\/www.steinzeitdorf-randau.de\/wp-content\/uploads\/2026\/03\/IMG-20260228-WA0014-1024x771.jpg 1024w, https:\/\/www.steinzeitdorf-randau.de\/wp-content\/uploads\/2026\/03\/IMG-20260228-WA0014-300x226.jpg 300w, https:\/\/www.steinzeitdorf-randau.de\/wp-content\/uploads\/2026\/03\/IMG-20260228-WA0014-768x578.jpg 768w, https:\/\/www.steinzeitdorf-randau.de\/wp-content\/uploads\/2026\/03\/IMG-20260228-WA0014-1536x1157.jpg 1536w, https:\/\/www.steinzeitdorf-randau.de\/wp-content\/uploads\/2026\/03\/IMG-20260228-WA0014.jpg 2040w\" sizes=\"(max-width: 1024px) 100vw, 1024px\" \/><\/figure>\n\n\n\n<p><br><\/p>\n\n\n\n<figure class=\"wp-block-image size-large\"><img decoding=\"async\" loading=\"lazy\" width=\"771\" height=\"1024\" src=\"https:\/\/www.steinzeitdorf-randau.de\/wp-content\/uploads\/2026\/03\/IMG-20260228-WA0010-771x1024.jpg\" alt=\"\" class=\"wp-image-1903\" srcset=\"https:\/\/www.steinzeitdorf-randau.de\/wp-content\/uploads\/2026\/03\/IMG-20260228-WA0010-771x1024.jpg 771w, https:\/\/www.steinzeitdorf-randau.de\/wp-content\/uploads\/2026\/03\/IMG-20260228-WA0010-226x300.jpg 226w, https:\/\/www.steinzeitdorf-randau.de\/wp-content\/uploads\/2026\/03\/IMG-20260228-WA0010-768x1020.jpg 768w, https:\/\/www.steinzeitdorf-randau.de\/wp-content\/uploads\/2026\/03\/IMG-20260228-WA0010-1157x1536.jpg 1157w, https:\/\/www.steinzeitdorf-randau.de\/wp-content\/uploads\/2026\/03\/IMG-20260228-WA0010.jpg 1536w\" sizes=\"(max-width: 771px) 100vw, 771px\" \/><\/figure>\n\n\n\n<p>Saisoner\u00f6ffnung 2026<\/p>\n\n\n\n<p>Freut euch auf die gro\u00dfe Saisoner\u00f6ffnung am 01. Mai 2026 um 10:00 Uhr!<\/p>\n\n\n\n<p>Wir legen bei unseren H\u00e4ndlern und Darstellern, gro\u00dfen Wert auf echte Handarbeiten, nat\u00fcrliche Produkte und alte Fertigungstechniken.<br>Folgende Attraktionen erwarten Euch:<\/p>\n\n\n\n<p>&#8211; Er\u00f6ffnungsritual im Steinzeitflair<br>&#8211; Gro\u00dfes Kuchenbuffet des     F\u00f6rdervereins<br>&#8211; Grubenhaus mit den Wikingern von Anno 962<br>&#8211; vegetarischer Kimchi-Stand<br>&#8211; Naturkosmetik by Susi<br>&#8211; Natur\u00f6le+ Honig by Kathi<br>&#8211; Kreative Karten, Makramee by Miss Jenni Art<br>&#8211; 3D Bilder by Stein-Harmonie<br>&#8211; Bogenschie\u00dfen by Bogensport B\u00f6rdeland<br>&#8211; Sauerteigbr\u00f6tchen mit Schmalz by Mike<br>&#8211; Hamburger by Andreas<br>&#8211; Thai-Streetfood by Thomas (Gommern)<br>&#8211; Bratwurst, Pommes, Bier von der Feuerwehr Randau-Calenberge<br>&#8211; Keramik und Holzarbeiten by Pfeiffers<br>&#8211; Altes Holzhandwerk by Flokis Treverk<br>&#8211; Wolffshaut Tattoo mit Live- Handpoking<br>&#8211; Historischen Keramik Grubenfeldbrand by Matze Wei\u00dfbrenner<br>&#8211; kunstvoll gestaltetes Holz&amp;Steine by Miri Steinfee<br>&#8211; fr\u00fchmittelalterliches Lagerleben und eine gro\u00dfe Ausstellung von Handelswaren unserer Ahnen by Anno 962 &#8211; Die H\u00e4ndlersippe<br>&#8211; pure handmade nordicmusic by Harugaz<br>&#8211; Feuershow by Skadi<\/p>\n\n\n\n<figure class=\"wp-block-image size-large is-resized\"><img decoding=\"async\" loading=\"lazy\" src=\"https:\/\/www.steinzeitdorf-randau.de\/wp-content\/uploads\/2026\/02\/IMG_20260215_205403-1024x784.jpg\" alt=\"\" class=\"wp-image-1897\" width=\"295\" height=\"225\" srcset=\"https:\/\/www.steinzeitdorf-randau.de\/wp-content\/uploads\/2026\/02\/IMG_20260215_205403-1024x784.jpg 1024w, https:\/\/www.steinzeitdorf-randau.de\/wp-content\/uploads\/2026\/02\/IMG_20260215_205403-300x230.jpg 300w, https:\/\/www.steinzeitdorf-randau.de\/wp-content\/uploads\/2026\/02\/IMG_20260215_205403-768x588.jpg 768w, https:\/\/www.steinzeitdorf-randau.de\/wp-content\/uploads\/2026\/02\/IMG_20260215_205403-1536x1177.jpg 1536w, https:\/\/www.steinzeitdorf-randau.de\/wp-content\/uploads\/2026\/02\/IMG_20260215_205403.jpg 2005w\" sizes=\"(max-width: 295px) 100vw, 295px\" \/><\/figure>\n\n\n\n<h2 class=\"wp-block-heading\">Das Steinzeitdorf ist  ge\u00f6ffnet. Auch frisch gebackenes Brot kann f\u00fcr 5\u20ac pro Brot bestellt werden. <\/h2>\n\n\n\n<h2 class=\"wp-block-heading\">F\u00fcr \u00d6ffnungszeiten und Brotbestellungen schauen Sie bitte auf die Seite: Anfahrt und Besuch!<\/h2>\n\n\n\n<p><\/p>\n\n\n\n<p><\/p>\n\n\n\n<p><\/p>\n\n\n\n<p><\/p>\n\n\n\n<h2 class=\"wp-block-heading has-large-font-size\">Das war unser Adventsmarkt im Steinzeitdorf am Nikolaustag!!<\/h2>\n\n\n\n<p>Wie f\u00fchlt es sich eigentlich an, einen Dorf-Adventsmarkt zu organisieren \u2026 im strukturschwachen Osten des von der Inflation gebeutelten Deutschlands und vor dem Hintergrund des sich j\u00e4hrenden Anschlages auf den nahegelegenen Magdeburger Weihnachtsmarkt?<\/p>\n\n\n\n<p>Schon weit im Vorfeld der Veranstaltung bekam man vielerorts zu h\u00f6ren, dass insbesondere die St\u00e4dter auf die kleinen, l\u00e4ndlichen Weihnachtsm\u00e4rkte ausweichen w\u00fcrden \u2013 weg von Kommerz, \u00fcberzogenen Sicherheitsma\u00dfnahmen und \u00fcberteuerter Massenware \u2013 hin zu regionalen H\u00e4ndlern, echter Gastfreundschaft, ehrlichem Handwerk, sozialem Zusammenhalt, selbstloser Freude am Schenken und der Wiederauferstehung einer heilen Welt, wie man sie als Kind gekannt hat.<\/p>\n\n\n\n<p>Nichts weniger als diese \u201eHeile Welt f\u00fcr einen Abend\u201c haben wir uns im Vorfeld als Veranstalter des 2. Randauer Adventsmarktes im Steinzeitdorf auf die Fahnen geschrieben. Wir sagen bewusst \u201eWIR Veranstalter\u201c, denn obwohl eine Person Anmelder beim Ordnungsamt eingetragen war und die \u00fcbergeordnete Organisation innehatte, ist so ein Event niemals allein bew\u00e4ltigbar. Schon gar nicht<br>f\u00fcr ein Dorf mit ein paar Hundert treuen Seelen \u2013 um die schlussendlich \u00fcber 1600 angereisten G\u00e4ste zu s\u00e4ttigen, zu beschenken, zu unterhalten und sich wohlf\u00fchlen zu lassen, m\u00fcssen viele freundschaftlich verbundene Menschen eng und wohlwollend zusammenarbeiten. <\/p>\n\n\n\n<p>Die Einzelleistung muss selbstlos in der Gruppenleistung aufgehen \u2013 nur dann wird es ein stimmiges<br>Gemeinschaftserlebnis geben.<\/p>\n\n\n\n<p>Und genau das ist es, was wir vor, w\u00e4hrend und nach dem Adventsmarkt getan haben: jeder Einzelne hat sein Bestes in den Dienst der Gruppe gestellt. Ein Event von derartigem Ausma\u00df erfordert eine Vielzahl an Aufgaben, von denen wir nur stellvertretend einige nennen m\u00f6chte: es braucht eine funktionierende Technik (Musikanlage, Notstromaggregate, Beleuchtung, Social-Media), eine intakte Sicherheit (Ersthelfer, L\u00f6schfahrzeuge und Kameraden der Feuerwehr, eigene Sicherheitskr\u00e4fte mit Speer und Schild \u2013 sowie fremde Sicherheitskr\u00e4fte in Uniform), jemanden der das Karussell aufbaut und bedient, flei\u00dfige K\u00f6che, ein Netzwerk an lokalen und vertrauensw\u00fcrdigen H\u00e4ndlern, engagierte Darsteller f\u00fcr Living History und Feuershow, erfahrene und stressresistente F\u00fchrungskr\u00e4fte, eine funktionierende Werbestrategie, viele helfende H\u00e4nde aus dem lokalen Umfeld, die Aufgaben erkennen und \u00fcbernehmen, einen geduldigen und kooperativen Umgang der Verantwortlichen mit den Beh\u00f6rden \u2026 aber manchmal auch den Mut, die \u00fcber\u00e4ngstlichen staatlichen Bestimmungen zugunsten eines freien und lebensfrohen Festes in Einklang zu bringen.<\/p>\n\n\n\n<p>Der Rest ist Gl\u00fcck: gutes Wetter, wenige Parallelveranstaltungen und die Laune der Besucher.<\/p>\n\n\n\n<p>Unter all diesen Voraussetzungen kann man nur eines konstatieren: Der 2. Randauer Adventsmarkt war ein voller Erfolg! Mit \u00fcber 1600 Besuchern wurden unsere vorjahrsbedingt ged\u00e4mpften Erwartungen vervierfacht \u2013 eine Google-Rezension dr\u00fcckt es sogar wie folgt aus: \u201eEs war voll, aber nicht zu voll \u2013 einfach perfekt!\u201c Im Status einer Besucherin lies sich lesen: \u201eGenau SO muss ein<br>Weihnachtsmarkt sein!\u201c<\/p>\n\n\n\n<p>Als Veranstalter sehe ich nat\u00fcrlich auch noch das zurecht angemerkte Entwicklungspotenzial \u2013 aber das soll den Gesamterfolg absolut nicht schm\u00e4lern.<\/p>\n\n\n\n<p>Der 2. Randauer Adventsmarkt war einfach klasse und ein Paradebeispiel daf\u00fcr, was Zusammenhalt, Selbstlosigkeit, Hingabe, Engagement und Motivation bewegen k\u00f6nnen: einen Abend echte, kleine, heile Welt!<\/p>\n\n\n\n<p>Euer Team vom F\u00f6rderverein des Steinzeitdorfes Randau<\/p>\n\n\n\n<p>WEITERE BILDER BEFINDEN SICH AUF DER SEITE &#8222;IMPRESSIONEN&#8220;!<\/p>\n\n\n\n<p><a href=\"https:\/\/www.magdeburg.de\/\">Landeshauptstadt Magdeburg &#8211; magdeburg.de<\/a>        <a href=\"https:\/\/randau-calenberge.de\/old\/\">Unser Ort : Randau-Calenberge \u2013 Randau-Calenberge entdecken<\/a>          <a href=\"https:\/\/www.pfeiffersche-stiftungen.de\/\">www.pfeiffersche-stiftungen.de<\/a>      <a href=\"https:\/\/randau-calenberge.de\/\">Randau-Calenberge entdecken \u2013 Geschichte, Natur &amp; Gemeinschaft im gr\u00fcnen S\u00fcdosten Magdeburgs<\/a> <\/p>\n\n\n\n<figure class=\"wp-block-image size-large\"><img decoding=\"async\" loading=\"lazy\" width=\"780\" height=\"1024\" src=\"https:\/\/www.steinzeitdorf-randau.de\/wp-content\/uploads\/2025\/12\/IMG-20251210-WA0011-780x1024.jpg\" alt=\"\" class=\"wp-image-1846\" srcset=\"https:\/\/www.steinzeitdorf-randau.de\/wp-content\/uploads\/2025\/12\/IMG-20251210-WA0011-780x1024.jpg 780w, https:\/\/www.steinzeitdorf-randau.de\/wp-content\/uploads\/2025\/12\/IMG-20251210-WA0011-228x300.jpg 228w, https:\/\/www.steinzeitdorf-randau.de\/wp-content\/uploads\/2025\/12\/IMG-20251210-WA0011-768x1009.jpg 768w, https:\/\/www.steinzeitdorf-randau.de\/wp-content\/uploads\/2025\/12\/IMG-20251210-WA0011.jpg 1075w\" sizes=\"(max-width: 780px) 100vw, 780px\" \/><\/figure>\n\n\n\n<p class=\"has-vivid-cyan-blue-color has-text-color\">Neue Beitr\u00e4ge unter: &#8222;Impressionen und &#8222;Aktuelles&#8220; &#8211; schaut ruhig rein. <\/p>\n\n\n\n<h2 class=\"wp-block-heading has-large-font-size\"><strong>\u00d6ffnungszeiten ab Oktober 2025<\/strong><\/h2>\n\n\n\n<p>Aufgrund der Witterung und der fr\u00fcher einsetzenden Dunkelheit \u00f6ffnen wir ab<\/p>\n\n\n\n<ol>\n<li>Oktober von 09:00 &#8211; 15:00 Uhr.<\/li>\n\n\n\n<li>An den Wochenenden k\u00f6nnen \u00fcber die Wintermonate leider <strong>keine<\/strong> \u00d6ffnungszeiten und F\u00fchrungen angeboten werden.  <\/li>\n<\/ol>\n\n\n\n<p><\/p>\n\n\n\n<h2 class=\"wp-block-heading has-medium-font-size\"><strong>&#8222;Anno 962 &#8211; Die H\u00e4ndlersippe&#8220; lagert im Steinzeitdorf<\/strong><\/h2>\n\n\n\n<p>Unser &#8222;Museum auf Reisen&#8220;, die Sippe Anno 962 &#8211; Die H\u00e4ndlersippe lagert am Wochenende 23.08. &#8211; 24.08.25 auf dem Gel\u00e4nde des Steinzeitdorfes und zeigt den Besuchern fr\u00fchmittelalterliche Handelswaren sowie altes Handwerk, Brettchenweben, Schnitzen, Flechten, Waffen\u00fcbungen und einen fr\u00fchmittelalterlichen Alltag zwischen Gruben- und Langh\u00e4usern. Lassen Sie sich in eine l\u00e4ngst vergangene Welt entf\u00fchren und tauchen sie in die Welt unserer Vorfahren ein. <\/p>\n\n\n\n<p>Das Steinzeitdorf ist am 23.08.2025 von 11:00 &#8211; 16:00 Uhr und am 24.08.2025 von 11:00 &#8211; 14:00 Uhr f\u00fcr Besucher ge\u00f6ffnet. Hinweis: Die H\u00e4user sind zur Besichtigung ge\u00f6ffnet, es finden aber keine F\u00fchrungen statt. Eine Verk\u00f6stigung kann nicht angeboten werden. <\/p>\n\n\n\n<h2 class=\"wp-block-heading\" style=\"font-size:29px\"><strong>Neu: Telefonische Erreichbarkeit<\/strong><\/h2>\n\n\n\n<p><\/p>\n\n\n\n<p style=\"font-size:19px\">Unter der Telefonnummer         <strong>  +49 172 8615072<\/strong>       k\u00f6nnen ab sofort Interessierte von 08:00 &#8211; 16:00 Uhr, ihre Fragen rund um F\u00fchrungen, Brotverkauf oder \u00d6ffnungszeiten, stellen. <\/p>\n\n\n\n<h2 class=\"wp-block-heading\" style=\"font-size:29px\"><strong>Frisches Brot im Steinzeitdorf<\/strong><\/h2>\n\n\n\n<p>Unsere Au\u00dfenarbeitsgruppe der Pfeifferschen Stiftungen Magdeburg backt t\u00e4glich frisches Brot im Lehmbackofen. Ausschlie\u00dflich nat\u00fcrliche Zutaten machen den Natursauerteig zu einem wohlschmeckenden, bek\u00f6mmlichen Brot. Gebacken in der Tradition unserer Ahnen, k\u00f6nnen sie einen Laib Brot f\u00fcr f\u00fcr 4 Euro erwerben.<\/p>\n\n\n\n<p>Fotos dazu: siehe &#8222;Aktuelles&#8220; , &#8222;Inklusion im Steinzeitdorf&#8220;                                                 <\/p>\n\n\n\n<p><\/p>\n\n\n\n<p><\/p>\n\n\n\n<h2 class=\"wp-block-heading\" style=\"font-size:29px\"><strong>Zukunft des Steinzeitdorfs: Neues Leben und neue M\u00f6glichkeiten<\/strong><\/h2>\n\n\n\n<p>Mit gro\u00dfem Engagement des <strong>F\u00f6rdervereins Steinzeitdorf Randau e.V<\/strong>. und der <strong>Stadt Magdebur<\/strong>g wurde das Steinzeitdorf umfassend modernisiert. Die Stadt investierte bereits 600.000 Euro und plant bis 2026 weitere 350.000 Euro. <\/p>\n\n\n\n<p>Ein besonderer Dank geht an die <strong>Pfeifferschen Stiftungen<\/strong>. Ihre Unterst\u00fctzung war entscheidend daf\u00fcr, dass das Steinzeitdorf heute wieder in neuem Glanz erstrahlen kann.<\/p>\n\n\n\n<p>Das Steinzeitdorf wird zuk\u00fcnftig durch neue Kooperationen mit Leben gef\u00fcllt: Wir freuen uns sehr auf die weitere Zusammenarbeit \u2013 unter anderem im Rahmen der geplanten Nutzung durch eine <strong>Werkstatt f\u00fcr behinderte Mensch<\/strong>en.<\/p>\n\n\n\n<p>Wie es unsere Magdeburger Oberb\u00fcrgermeisterin Simone Borris treffend formulierte:<\/p>\n\n\n\n<p>&#8222;Das Steinzeitdorf erstrahlt im neuen Glanz.&#8220;<\/p>\n\n\n\n<h2 class=\"wp-block-heading has-medium-font-size\"><strong>Besuche uns und erlebe Geschichte hautnah!<\/strong><\/h2>\n\n\n\n<p>Ob als spannender <strong>Familienausflug in Magdeburg<\/strong> oder einfach, um <strong>Mittelalter hautnah zu erleben<\/strong> \u2013 im <strong>Steinzeitdorf Randau<\/strong> wird Geschichte lebendig!<\/p>\n\n\n\n<p><strong>NEU<\/strong>:        WIFI (Wlan) auf dem gesamten Gel\u00e4nde!<\/p>\n\n\n\n<p><strong>Wir freuen uns auf ihren Besuch!<\/strong><\/p>\n\n\n\n<p><strong>\u00d6ffnungszeiten:<\/strong><\/p>\n\n\n\n<ul>\n<li><strong>ab 5. Mai:<\/strong> Montag &#8211; Freitag 08:00 \u2013 16:00 Uhr\n<ul>\n<li>         Samstag , Sonntag  &#8211;  Geschlossen<\/li>\n<\/ul>\n<\/li>\n<\/ul>\n\n\n\n<h1 class=\"wp-block-heading\" style=\"font-size:29px\"><strong>Zeitreise am Elberadweg<\/strong><\/h1>\n\n\n\n<p>Eine Zeitreise f\u00fchrt Sie an den Stadtrand von Magdeburg in das Randauer Freilichtmuseum zur\u00fcck in die mehr als 3.000 Jahre dauernde Jungsteinzeit (Neolithikum, ca. 5.500 &#8211; 2.050 v. Chr.), in die Zeit der ersten Ackerbauern und Viehz\u00fcchter Mitteleuropas.  <\/p>\n\n\n\n<p><strong>Die ersten Ackerbauern und Viehz\u00fcchter<\/strong><\/p>\n\n\n\n<p>Die jungsteinzeitlichen Kulturen der zugewanderten Ackerbauern und Viehz\u00fcchter vollzogen den neolithischen \u00dcbergang vor 7.500 bis 7.000 Jahren in Mitteleuropa. Der allm\u00e4hliche \u00dcbergang vom Wildbeutertum zur \u00c4ra der Bauern war ein radikaler Kulturwandel in der Menschheitsgeschichte. Es begann die Inbesitznahme und Umgestaltung der Natur durch den Wechsel von der aneignenden zur produzierenden Nahrungs- und Materialbeschaffung der Menschen Mitteleuropas.<\/p>\n\n\n\n<h2 class=\"wp-block-heading\" style=\"font-size:29px\"><strong>Steinzeitdorf Randau<\/strong><\/h2>\n\n\n\n<p>Den Ursprung der Anlage bilden die 4500 Jahre alten \u2013 in einer Talsandd\u00fcne am Ufer der Elbe geborgenen \u2013 Reste eines&nbsp;jungsteinzeitlichen Pfostenhauses aus der Sch\u00f6nfelder Kultur. Sie wurden 1941 durch Bodendenkmalpfleger Hans Lies gesichert und verschiedenen Museen \u00fcbergeben.<\/p>\n\n\n\n<p><strong>Lage am Elberadweg<\/strong><\/p>\n\n\n\n<p>Das mehr als zwei Hektar gro\u00dfe Steinzeitdorf in Magdeburg-Randau  liegt am Elberadweg Hamburg-Dresden und am Erlebnispfad Elbaue und kann bequem zu Fu\u00df oder im Rollstuhl erkundet werden. Man  findet es an der Ostseite der Elbe zwischen Magdeburg und Sch\u00f6nebeck in der malerischen Kreuzhorst Region.<\/p>\n\n\n\n<p>Das Steinzeitdorf Randau besteht aus H\u00e4usern, Nebenh\u00e4usern und einer  Befestigungsanlage aus der fr\u00fchen und der sp\u00e4ten Jungsteinzeit. Beim Bau beschr\u00e4nkte man sich weitestgehend auf die historischen Techniken. Die gewaltigen Dimensionen der steinzeitlichen Bauten in Randau beeindrucken noch heute. <\/p>\n\n\n\n<h2 class=\"wp-block-heading\" style=\"font-size:19px\"><strong>Das \u00e4lteste Haus Mitteldeutschlands<\/strong><\/h2>\n\n\n\n<p>Hier findet man das wohl \u00e4lteste Haus im heutigen Mitteldeutschland. Es stammt aus der Zeit der Linienbandkeramiker. Davor lebten die Menschen nicht sesshaft. <\/p>\n\n\n\n<h3 class=\"wp-block-heading\" style=\"font-size:29px\"><strong>Linienbandkeramik-Kultur, fr\u00fche Jungsteinzeit<\/strong><\/h3>\n\n\n\n<p><strong>Alltagsleben<\/strong><\/p>\n\n\n\n<p>Die \u00dcberreste des mehr als 7.300 Jahre alten Langhauses der Linienbandkeramik-Kultur, dessen Nachgestaltung  im Museumsdorf Randau besichtigt werden kann, wurden rund 25 km von Randau ausgegraben. Solche H\u00e4user wurden bereits 3.000 Jahre vor den \u00e4gyptischen Pyramiden errichtet! <\/p>\n\n\n\n<figure class=\"wp-block-image\"><img decoding=\"async\" loading=\"lazy\" width=\"1024\" height=\"768\" src=\"https:\/\/www.steinzeitdorf-randau.de\/wp-content\/uploads\/2019\/10\/lbk-haus1-1024x768.jpg\" alt=\"Langhaus der Linienbandkaramiker\" class=\"wp-image-408\" srcset=\"https:\/\/www.steinzeitdorf-randau.de\/wp-content\/uploads\/2019\/10\/lbk-haus1-1024x768.jpg 1024w, https:\/\/www.steinzeitdorf-randau.de\/wp-content\/uploads\/2019\/10\/lbk-haus1-300x225.jpg 300w, https:\/\/www.steinzeitdorf-randau.de\/wp-content\/uploads\/2019\/10\/lbk-haus1-768x576.jpg 768w\" sizes=\"(max-width: 1024px) 100vw, 1024px\" \/><figcaption class=\"wp-element-caption\"><mark style=\"background-color:rgba(0, 0, 0, 0)\" class=\"has-inline-color has-light-green-cyan-color\">Langhaus der Linienbandkeramiker<\/mark><\/figcaption><\/figure>\n\n\n\n<p><strong>Rituelles Leben<\/strong><\/p>\n\n\n\n<p>Im 130 km entfernten Goseck zwischen Naumburg und Wei\u00dfenfels k\u00f6nnen Sie eine <a href=\"http:\/\/www.himmelswege.de\/index.php?id=goseck\">Kreisgrabenanlage der Linienbandkeramik-Kultur<\/a> besuchen. Das Rondell wurde vor rund 6.900 Jahren Jahren errichtet und wurde rund 200 Jahre zur Bestimmung der Sonnenwenden genutzt. Mutma\u00dflich spiegelt diese Anlage ein neolithische Weltbild, bestehend aus der Oberwelt, der Unterwelt und dem Himmel wider.<\/p>\n\n\n\n<h3 class=\"wp-block-heading\" style=\"font-size:29px\"><strong>Sch\u00f6nfelder Kultur, sp\u00e4te Jungsteinzeit<\/strong><\/h3>\n\n\n\n<p><strong>Alltagsleben<\/strong><\/p>\n\n\n\n<p>Erleben Sie im Freilichtmuseum Magdeburg-Randau die faszinierende Rekonstruktion eines vor Ort ausgegrabenen rund 4.500 Jahre alten jungsteinzeitlichen Pfostenhauses der Sch\u00f6nfelder Kultur. Das war 200 Jahre vor der Entstehung des benachbarten Ringheiligtums P\u00f6mmelte. <\/p>\n\n\n\n<p>Solch ein Pfostenhaus ist so alt wie die alt\u00e4gyptische Cheops-Pyramide oder die Megalithkreise von Stonehenge. Die riesigen Abmessungen des Langhauses betragen (LxBxH) 21,3 x 5,5 x 5,6 m.<\/p>\n\n\n\n<figure class=\"wp-block-image\"><img decoding=\"async\" loading=\"lazy\" width=\"1024\" height=\"768\" src=\"https:\/\/www.steinzeitdorf-randau.de\/wp-content\/uploads\/2019\/10\/schfk-haus-1024x768.jpg\" alt=\"Langhaus der Sch\u00f6nfelder Kultur\" class=\"wp-image-411\" srcset=\"https:\/\/www.steinzeitdorf-randau.de\/wp-content\/uploads\/2019\/10\/schfk-haus-1024x768.jpg 1024w, https:\/\/www.steinzeitdorf-randau.de\/wp-content\/uploads\/2019\/10\/schfk-haus-300x225.jpg 300w, https:\/\/www.steinzeitdorf-randau.de\/wp-content\/uploads\/2019\/10\/schfk-haus-768x576.jpg 768w\" sizes=\"(max-width: 1024px) 100vw, 1024px\" \/><figcaption class=\"wp-element-caption\"><mark style=\"background-color:rgba(0, 0, 0, 0)\" class=\"has-inline-color has-light-green-cyan-color\">Langhaus der Sch\u00f6nfelder Kultur<\/mark><\/figcaption><\/figure>\n\n\n\n<p>In dem fensterlosen Lehmgeb\u00e4ude mit Schilfdach lebte eine Sippe von zehn bis 20 Personen auf engstem Raum mit Rindern, Schafen, Ziegen und Schweinen zusammen.<\/p>\n\n\n\n<p><strong>Rituelles Leben<\/strong><\/p>\n\n\n\n<p>Rund 10 km vom Steinzeitdorf Randau entdeckten Arch\u00e4ologen eine Art mitteleurop\u00e4isches Stonehenge. Das <a href=\"http:\/\/www.himmelswege.de\/index.php?id=poemmelte\">Ringheiligtum P\u00f6mmelte<\/a> war am Ende der Jungsteinzeit und zu Beginn der Bronzezeit eine bedeutende Kultst\u00e4tte. Hier waren drei Kulturen kontinuierlich aktiv. Vor 4.800 Jahren errichteten die Schnurkeramiker ein H\u00fcgelgrab. Vor 4.300 Jahren wurde das Ringheiligtum P\u00f6mmelte von den Glockenbecherleuten errichtet. Vor 4.050 Jahren wurde das Ringheiligtum von der Aunjetitzer Kultur (ca. 4. 200 &#8211; 3.550 vor heute) niedergelegt und und in der Nachbarschaft ein Heiligtum der Fr\u00fchbronzezeit neu errichtet.  <\/p>\n","protected":false},"excerpt":{"rendered":"<p>Letzte \u00c4nderung: 14.04.2026 In unserem steinzeitlichen Dorf beginnt nach dem schneereichen Winter eine arbeitsreiche Zeit.Das Leben war und ist stark von der Natur abh\u00e4ngig \u2013 und mit den ersten w\u00e4rmeren Tagen \u00e4ndert sich vieles. Wie war es nach einem Winter in einem steinzeitlichen Dorf? Die Winter waren kalt, dunkel und oft entbehrungsreich. Vorr\u00e4te wurden knapp, [&hellip;]<\/p>\n","protected":false},"author":8,"featured_media":0,"parent":0,"menu_order":0,"comment_status":"closed","ping_status":"closed","template":"fullwidth.php","meta":[],"_links":{"self":[{"href":"https:\/\/www.steinzeitdorf-randau.de\/index.php?rest_route=\/wp\/v2\/pages\/41"}],"collection":[{"href":"https:\/\/www.steinzeitdorf-randau.de\/index.php?rest_route=\/wp\/v2\/pages"}],"about":[{"href":"https:\/\/www.steinzeitdorf-randau.de\/index.php?rest_route=\/wp\/v2\/types\/page"}],"author":[{"embeddable":true,"href":"https:\/\/www.steinzeitdorf-randau.de\/index.php?rest_route=\/wp\/v2\/users\/8"}],"replies":[{"embeddable":true,"href":"https:\/\/www.steinzeitdorf-randau.de\/index.php?rest_route=%2Fwp%2Fv2%2Fcomments&post=41"}],"version-history":[{"count":290,"href":"https:\/\/www.steinzeitdorf-randau.de\/index.php?rest_route=\/wp\/v2\/pages\/41\/revisions"}],"predecessor-version":[{"id":1920,"href":"https:\/\/www.steinzeitdorf-randau.de\/index.php?rest_route=\/wp\/v2\/pages\/41\/revisions\/1920"}],"wp:attachment":[{"href":"https:\/\/www.steinzeitdorf-randau.de\/index.php?rest_route=%2Fwp%2Fv2%2Fmedia&parent=41"}],"curies":[{"name":"wp","href":"https:\/\/api.w.org\/{rel}","templated":true}]}}