{"id":27,"date":"2019-02-27T11:13:23","date_gmt":"2019-02-27T10:13:23","guid":{"rendered":"http:\/\/www-1.steinzeitdorf-randau.de\/?page_id=27"},"modified":"2026-01-28T20:57:24","modified_gmt":"2026-01-28T19:57:24","slug":"aktuelles","status":"publish","type":"page","link":"https:\/\/www.steinzeitdorf-randau.de\/?page_id=27","title":{"rendered":"Aktuelles"},"content":{"rendered":"\n<p><mark style=\"background-color:rgba(0, 0, 0, 0)\" class=\"has-inline-color has-vivid-green-cyan-color\">Letzte \u00c4nderung: <\/mark>28.01.2026<\/p>\n\n\n\n<p><\/p>\n\n\n\n<p><\/p>\n\n\n\n<h2 class=\"wp-block-heading has-large-font-size\"><strong>Farbe f\u00fcr unsere Langh\u00e4user<\/strong><\/h2>\n\n\n\n<p>Waren in der Steinzeit die H\u00e4user farbig? Die Frage kann eindeutig mit Ja beantwortet werden. Man verwendete Erdfarben wie Rot, Ocker und Schwarz, die aus der nahen Umgebung gewonnen wurden, um W\u00e4nde zu verputzen und zu bemalen. Funde zeigen, dass W\u00e4nde mit farbigen Streifen und Mustern verziert wurden.&nbsp;<\/p>\n\n\n\n<ul>\n<li><strong>Rot und Ocker:<\/strong>&nbsp;Diese Farben wurden aus eisenoxidhaltiger Erde gewonnen und waren weit verbreitet.<\/li>\n\n\n\n<li><strong>Schwarz:<\/strong>&nbsp;Holzkohle diente als Pigment f\u00fcr schwarze T\u00f6ne.<\/li>\n\n\n\n<li><strong>Wei\u00df:<\/strong>&nbsp;Kalk oder Ton wurden f\u00fcr wei\u00dfe Anstriche verwendet.<\/li>\n<\/ul>\n\n\n\n<p>Auf dieser Grundlage hat unser F\u00f6rdervereinsmitglied Matze W., Grafikdesigner und Grabungshelfer vieler Ausgrabungen, u.a. auch im <a href=\"https:\/\/www.himmelswege.de\/orte\/ringheiligtum-poemmelte\">Ringheiligtum P\u00f6mmelte: Himmelswege<\/a>, begonnen unsere Langh\u00e4user farblich und damit lebensnaher zu gestalten. <\/p>\n\n\n\n<p><a href=\"https:\/\/www.magdeburg.de\/\">Landeshauptstadt Magdeburg &#8211; magdeburg.de<\/a>      <\/p>\n\n\n\n<p><a href=\"https:\/\/www.pfeiffersche-stiftungen.de\/menschen-mit-behinderung\/arbeit-teilhabe\/aussenarbeitsplaetze.html\">Au\u00dfenarbeitspl\u00e4tze &#8211; Pfeiffersche Stiftungen<\/a><\/p>\n\n\n\n<p><\/p>\n\n\n\n<p class=\"has-luminous-vivid-amber-background-color has-background has-small-font-size\">++Hinweis: Alle Bilder sind Eigentum des &#8222;F\u00f6rdervereins Randau e.V.&#8220;++<\/p>\n\n\n\n<figure class=\"wp-block-image size-large is-resized\"><img decoding=\"async\" loading=\"lazy\" src=\"https:\/\/www.steinzeitdorf-randau.de\/wp-content\/uploads\/2025\/11\/Langhaus-aussen-1024x721.jpg\" alt=\"\" class=\"wp-image-1803\" width=\"768\" height=\"541\" srcset=\"https:\/\/www.steinzeitdorf-randau.de\/wp-content\/uploads\/2025\/11\/Langhaus-aussen-1024x721.jpg 1024w, https:\/\/www.steinzeitdorf-randau.de\/wp-content\/uploads\/2025\/11\/Langhaus-aussen-300x211.jpg 300w, https:\/\/www.steinzeitdorf-randau.de\/wp-content\/uploads\/2025\/11\/Langhaus-aussen-768x541.jpg 768w, https:\/\/www.steinzeitdorf-randau.de\/wp-content\/uploads\/2025\/11\/Langhaus-aussen-1536x1082.jpg 1536w, https:\/\/www.steinzeitdorf-randau.de\/wp-content\/uploads\/2025\/11\/Langhaus-aussen.jpg 1589w\" sizes=\"(max-width: 768px) 100vw, 768px\" \/><\/figure>\n\n\n\n<figure class=\"wp-block-image size-large is-resized\"><img decoding=\"async\" loading=\"lazy\" src=\"https:\/\/www.steinzeitdorf-randau.de\/wp-content\/uploads\/2025\/11\/Langhaus-innen-1024x771.jpg\" alt=\"\" class=\"wp-image-1804\" width=\"768\" height=\"578\" srcset=\"https:\/\/www.steinzeitdorf-randau.de\/wp-content\/uploads\/2025\/11\/Langhaus-innen-1024x771.jpg 1024w, https:\/\/www.steinzeitdorf-randau.de\/wp-content\/uploads\/2025\/11\/Langhaus-innen-300x226.jpg 300w, https:\/\/www.steinzeitdorf-randau.de\/wp-content\/uploads\/2025\/11\/Langhaus-innen-768x578.jpg 768w, https:\/\/www.steinzeitdorf-randau.de\/wp-content\/uploads\/2025\/11\/Langhaus-innen-1536x1157.jpg 1536w, https:\/\/www.steinzeitdorf-randau.de\/wp-content\/uploads\/2025\/11\/Langhaus-innen.jpg 2040w\" sizes=\"(max-width: 768px) 100vw, 768px\" \/><\/figure>\n\n\n\n<figure class=\"wp-block-image size-large is-resized\"><img decoding=\"async\" loading=\"lazy\" src=\"https:\/\/www.steinzeitdorf-randau.de\/wp-content\/uploads\/2025\/11\/Langhaus-innen-2-1024x771.jpg\" alt=\"\" class=\"wp-image-1805\" width=\"768\" height=\"578\" srcset=\"https:\/\/www.steinzeitdorf-randau.de\/wp-content\/uploads\/2025\/11\/Langhaus-innen-2-1024x771.jpg 1024w, https:\/\/www.steinzeitdorf-randau.de\/wp-content\/uploads\/2025\/11\/Langhaus-innen-2-300x226.jpg 300w, https:\/\/www.steinzeitdorf-randau.de\/wp-content\/uploads\/2025\/11\/Langhaus-innen-2-768x578.jpg 768w, https:\/\/www.steinzeitdorf-randau.de\/wp-content\/uploads\/2025\/11\/Langhaus-innen-2-1536x1157.jpg 1536w, https:\/\/www.steinzeitdorf-randau.de\/wp-content\/uploads\/2025\/11\/Langhaus-innen-2.jpg 2040w\" sizes=\"(max-width: 768px) 100vw, 768px\" \/><\/figure>\n\n\n\n<figure class=\"wp-block-image size-large is-resized\"><img decoding=\"async\" loading=\"lazy\" src=\"https:\/\/www.steinzeitdorf-randau.de\/wp-content\/uploads\/2025\/11\/Aussen-Detail-1-1024x768.jpg\" alt=\"\" class=\"wp-image-1807\" width=\"768\" height=\"576\" srcset=\"https:\/\/www.steinzeitdorf-randau.de\/wp-content\/uploads\/2025\/11\/Aussen-Detail-1-1024x768.jpg 1024w, https:\/\/www.steinzeitdorf-randau.de\/wp-content\/uploads\/2025\/11\/Aussen-Detail-1-300x225.jpg 300w, https:\/\/www.steinzeitdorf-randau.de\/wp-content\/uploads\/2025\/11\/Aussen-Detail-1-768x576.jpg 768w, https:\/\/www.steinzeitdorf-randau.de\/wp-content\/uploads\/2025\/11\/Aussen-Detail-1-1536x1152.jpg 1536w, https:\/\/www.steinzeitdorf-randau.de\/wp-content\/uploads\/2025\/11\/Aussen-Detail-1.jpg 1600w\" sizes=\"(max-width: 768px) 100vw, 768px\" \/><\/figure>\n\n\n\n<figure class=\"wp-block-image size-large is-resized\"><img decoding=\"async\" loading=\"lazy\" src=\"https:\/\/www.steinzeitdorf-randau.de\/wp-content\/uploads\/2025\/11\/Aussen-Detail-2-1024x768.jpg\" alt=\"\" class=\"wp-image-1808\" width=\"768\" height=\"576\" srcset=\"https:\/\/www.steinzeitdorf-randau.de\/wp-content\/uploads\/2025\/11\/Aussen-Detail-2-1024x768.jpg 1024w, https:\/\/www.steinzeitdorf-randau.de\/wp-content\/uploads\/2025\/11\/Aussen-Detail-2-300x225.jpg 300w, https:\/\/www.steinzeitdorf-randau.de\/wp-content\/uploads\/2025\/11\/Aussen-Detail-2-768x576.jpg 768w, https:\/\/www.steinzeitdorf-randau.de\/wp-content\/uploads\/2025\/11\/Aussen-Detail-2-1536x1152.jpg 1536w, https:\/\/www.steinzeitdorf-randau.de\/wp-content\/uploads\/2025\/11\/Aussen-Detail-2.jpg 1600w\" sizes=\"(max-width: 768px) 100vw, 768px\" \/><\/figure>\n\n\n\n<blockquote class=\"wp-block-quote\">\n<figure class=\"wp-block-image size-full is-resized\"><img decoding=\"async\" loading=\"lazy\" src=\"https:\/\/www.steinzeitdorf-randau.de\/wp-content\/uploads\/2025\/11\/Langhaus-innen-4.jpg\" alt=\"\" class=\"wp-image-1817\" width=\"578\" height=\"768\" srcset=\"https:\/\/www.steinzeitdorf-randau.de\/wp-content\/uploads\/2025\/11\/Langhaus-innen-4.jpg 771w, https:\/\/www.steinzeitdorf-randau.de\/wp-content\/uploads\/2025\/11\/Langhaus-innen-4-226x300.jpg 226w, https:\/\/www.steinzeitdorf-randau.de\/wp-content\/uploads\/2025\/11\/Langhaus-innen-4-768x1020.jpg 768w\" sizes=\"(max-width: 578px) 100vw, 578px\" \/><\/figure>\n<\/blockquote>\n\n\n\n<p><\/p>\n\n\n\n<h2 class=\"wp-block-heading\"><strong>\u00d6ffnungszeiten ab Oktober 2025<\/strong><\/h2>\n\n\n\n<p>Ab 1.Oktober 2025    09:00 &#8211; 15:00 Uhr<\/p>\n\n\n\n<h2 class=\"wp-block-heading has-large-font-size\">Inklusion im Steinzeitdorf<\/h2>\n\n\n\n<p>Im Rahmen von Projekten der Pfeifferschen Stiftungen Magdeburg zur Eingliederung behinderter Menschen in den ersten Arbeitsmarkt im Jahr 2024 und als Au\u00dfenarbeitsgruppe im Jahre 2025, kam vor fast zwei Jahren eine ganz besondere Zusammenarbeit mit dem F\u00f6rderverein des Steinzeitdorfes zustande. <\/p>\n\n\n\n<p>Mit hohen finanziellen Mitteln unserer Stadt Magdeburg, unter fachlicher Anleitung und mit gro\u00dfen Eifer, erneuerten behinderte Menschen die Anlage des Steinzeitdorfes. Viele der hier wochentags T\u00e4tigen, sind inzwischen halbe Profis und Freunde geworden. F\u00fcr die Zukunft wird auch eine Versorgung mit Speisen und Getr\u00e4nken angestrebt. Diese soll dann unter fachlicher Anleitung von den Behinderten selbst organisiert und betrieben werden. <\/p>\n\n\n\n<p>Der jetzt schon gro\u00dfe Erfolg diese Projektes zeigt, dass Inklusion gelingen kann. Mehr noch, diese gelebte Inklusion macht die Menschen die im Steinzeitdorf arbeiten, gl\u00fccklich und zaubert allen Besuchern die diese wundersch\u00f6ne restaurierte Anlage erblicken, ein l\u00e4cheln auf ihr Gesicht. <\/p>\n\n\n\n<p><strong>Bildrechte: F\u00f6rderverein Steinzeitdorf Randau e.V<\/strong>.<\/p>\n\n\n\n<figure class=\"wp-block-gallery has-nested-images columns-default is-cropped wp-block-gallery-1 is-layout-flex\">\n<figure class=\"wp-block-image size-large\"><img decoding=\"async\" loading=\"lazy\" width=\"1024\" height=\"771\" data-id=\"1751\"  src=\"https:\/\/www.steinzeitdorf-randau.de\/wp-content\/uploads\/2025\/05\/IMG-20250516-WA0005-1024x771.jpg\" alt=\"\" class=\"wp-image-1751\" srcset=\"https:\/\/www.steinzeitdorf-randau.de\/wp-content\/uploads\/2025\/05\/IMG-20250516-WA0005-1024x771.jpg 1024w, https:\/\/www.steinzeitdorf-randau.de\/wp-content\/uploads\/2025\/05\/IMG-20250516-WA0005-300x226.jpg 300w, https:\/\/www.steinzeitdorf-randau.de\/wp-content\/uploads\/2025\/05\/IMG-20250516-WA0005-768x578.jpg 768w, https:\/\/www.steinzeitdorf-randau.de\/wp-content\/uploads\/2025\/05\/IMG-20250516-WA0005-1536x1157.jpg 1536w, https:\/\/www.steinzeitdorf-randau.de\/wp-content\/uploads\/2025\/05\/IMG-20250516-WA0005.jpg 2040w\" sizes=\"(max-width: 1024px) 100vw, 1024px\" \/><\/figure>\n<\/figure>\n\n\n\n<figure class=\"wp-block-gallery has-nested-images columns-default is-cropped wp-block-gallery-3 is-layout-flex\">\n<figure class=\"wp-block-image size-large\"><img decoding=\"async\" loading=\"lazy\" width=\"1024\" height=\"771\" data-id=\"1752\"  src=\"https:\/\/www.steinzeitdorf-randau.de\/wp-content\/uploads\/2025\/05\/IMG-20250423-WA0004-1024x771.jpg\" alt=\"\" class=\"wp-image-1752\" srcset=\"https:\/\/www.steinzeitdorf-randau.de\/wp-content\/uploads\/2025\/05\/IMG-20250423-WA0004-1024x771.jpg 1024w, https:\/\/www.steinzeitdorf-randau.de\/wp-content\/uploads\/2025\/05\/IMG-20250423-WA0004-300x226.jpg 300w, https:\/\/www.steinzeitdorf-randau.de\/wp-content\/uploads\/2025\/05\/IMG-20250423-WA0004-768x578.jpg 768w, https:\/\/www.steinzeitdorf-randau.de\/wp-content\/uploads\/2025\/05\/IMG-20250423-WA0004-1536x1157.jpg 1536w, https:\/\/www.steinzeitdorf-randau.de\/wp-content\/uploads\/2025\/05\/IMG-20250423-WA0004.jpg 2040w\" sizes=\"(max-width: 1024px) 100vw, 1024px\" \/><\/figure>\n<\/figure>\n\n\n\n<figure class=\"wp-block-gallery has-nested-images columns-default is-cropped wp-block-gallery-5 is-layout-flex\">\n<figure class=\"wp-block-image size-large\"><img decoding=\"async\" loading=\"lazy\" width=\"771\" height=\"1024\" data-id=\"1753\"  src=\"https:\/\/www.steinzeitdorf-randau.de\/wp-content\/uploads\/2025\/05\/IMG-20250516-WA0010-771x1024.jpg\" alt=\"\" class=\"wp-image-1753\" srcset=\"https:\/\/www.steinzeitdorf-randau.de\/wp-content\/uploads\/2025\/05\/IMG-20250516-WA0010-771x1024.jpg 771w, https:\/\/www.steinzeitdorf-randau.de\/wp-content\/uploads\/2025\/05\/IMG-20250516-WA0010-226x300.jpg 226w, https:\/\/www.steinzeitdorf-randau.de\/wp-content\/uploads\/2025\/05\/IMG-20250516-WA0010-768x1020.jpg 768w, https:\/\/www.steinzeitdorf-randau.de\/wp-content\/uploads\/2025\/05\/IMG-20250516-WA0010-1157x1536.jpg 1157w, https:\/\/www.steinzeitdorf-randau.de\/wp-content\/uploads\/2025\/05\/IMG-20250516-WA0010.jpg 1536w\" sizes=\"(max-width: 771px) 100vw, 771px\" \/><\/figure>\n<\/figure>\n\n\n\n<figure class=\"wp-block-image size-large\"><img decoding=\"async\" loading=\"lazy\" width=\"678\" height=\"1024\" src=\"https:\/\/www.steinzeitdorf-randau.de\/wp-content\/uploads\/2025\/05\/IMG-20250516-WA0016-678x1024.jpg\" alt=\"\" class=\"wp-image-1754\" srcset=\"https:\/\/www.steinzeitdorf-randau.de\/wp-content\/uploads\/2025\/05\/IMG-20250516-WA0016-678x1024.jpg 678w, https:\/\/www.steinzeitdorf-randau.de\/wp-content\/uploads\/2025\/05\/IMG-20250516-WA0016-199x300.jpg 199w, https:\/\/www.steinzeitdorf-randau.de\/wp-content\/uploads\/2025\/05\/IMG-20250516-WA0016-768x1160.jpg 768w, https:\/\/www.steinzeitdorf-randau.de\/wp-content\/uploads\/2025\/05\/IMG-20250516-WA0016.jpg 963w\" sizes=\"(max-width: 678px) 100vw, 678px\" \/><\/figure>\n\n\n\n<figure class=\"wp-block-gallery has-nested-images columns-default is-cropped wp-block-gallery-7 is-layout-flex\">\n<figure class=\"wp-block-image size-large\"><img decoding=\"async\" loading=\"lazy\" width=\"1024\" height=\"683\" data-id=\"1761\"  src=\"https:\/\/www.steinzeitdorf-randau.de\/wp-content\/uploads\/2025\/05\/IMG_8301-1-1024x683.jpg\" alt=\"\" class=\"wp-image-1761\" srcset=\"https:\/\/www.steinzeitdorf-randau.de\/wp-content\/uploads\/2025\/05\/IMG_8301-1-1024x683.jpg 1024w, https:\/\/www.steinzeitdorf-randau.de\/wp-content\/uploads\/2025\/05\/IMG_8301-1-300x200.jpg 300w, https:\/\/www.steinzeitdorf-randau.de\/wp-content\/uploads\/2025\/05\/IMG_8301-1-768x512.jpg 768w, https:\/\/www.steinzeitdorf-randau.de\/wp-content\/uploads\/2025\/05\/IMG_8301-1-1536x1024.jpg 1536w, https:\/\/www.steinzeitdorf-randau.de\/wp-content\/uploads\/2025\/05\/IMG_8301-1-2048x1365.jpg 2048w\" sizes=\"(max-width: 1024px) 100vw, 1024px\" \/><\/figure>\n<\/figure>\n\n\n\n<p><\/p>\n\n\n\n<p><\/p>\n\n\n\n<p class=\"has-text-align-center\" style=\"font-size:26px\"><strong>WIFI f\u00fcr unser Steinzeitdorf<\/strong><\/p>\n\n\n\n<p>Seit dem 1. Mai 2025 verf\u00fcgt unser Freilichtmuseum Steinzeitdorf Randau, \u00fcber WIFI (W-lan). Die Login Daten k\u00f6nnt ihr unseren Infokarten entnehmen. Diese liegen im Museumsgel\u00e4nde aus. <\/p>\n\n\n\n<p><\/p>\n\n\n\n<p><\/p>\n\n\n\n<p><\/p>\n\n\n\n<figure class=\"wp-block-image size-large\"><img decoding=\"async\" loading=\"lazy\" width=\"1024\" height=\"682\" src=\"https:\/\/www.steinzeitdorf-randau.de\/wp-content\/uploads\/2021\/02\/winter2-1024x682.jpg\" alt=\"Foto W. Florstedt: Das tiefverschneite Steinzeitdorf, Februar 2021\" class=\"wp-image-855\" srcset=\"https:\/\/www.steinzeitdorf-randau.de\/wp-content\/uploads\/2021\/02\/winter2-1024x682.jpg 1024w, https:\/\/www.steinzeitdorf-randau.de\/wp-content\/uploads\/2021\/02\/winter2-300x200.jpg 300w, https:\/\/www.steinzeitdorf-randau.de\/wp-content\/uploads\/2021\/02\/winter2-768x512.jpg 768w, https:\/\/www.steinzeitdorf-randau.de\/wp-content\/uploads\/2021\/02\/winter2-1536x1023.jpg 1536w, https:\/\/www.steinzeitdorf-randau.de\/wp-content\/uploads\/2021\/02\/winter2.jpg 1600w\" sizes=\"(max-width: 1024px) 100vw, 1024px\" \/><figcaption class=\"wp-element-caption\"><br><mark style=\"background-color:rgba(0, 0, 0, 0)\" class=\"has-inline-color has-light-green-cyan-color\">Foto W. Florstedt: Das Steinzeitdorf im Winter<\/mark><\/figcaption><\/figure>\n\n\n\n<p><\/p>\n\n\n\n<h3 class=\"wp-block-heading\">Sanierung<\/h3>\n\n\n\n<p>In den letzten beiden Jahren wurde das Steinzeitdorf mit hohem finanziellen Aufwand unserer Stadt Magdeburg und unter der F\u00fchrung von Mitarbeitern der Pfeifferschen Stiftung zu Magdeburg durch eine Behindertengruppe mit sehr viel Engagement und Aufwand saniert. Der F\u00f6rderverein freut sich, solch  starke Partner an seiner Seite zu haben. <\/p>\n\n\n\n<p>Es lohnt sich wirklich, dass nun im neuen Glanz erstrahlende und um etliche Meter erweiterte Steinzeitdorf zu besuchen und auf den Pfaden unserer Ahnen zu wandeln. <\/p>\n\n\n\n<p><a href=\"https:\/\/www.magdeburg.de\/\">Landeshauptstadt Magdeburg &#8211; magdeburg.de<\/a><\/p>\n\n\n\n<p><a href=\"https:\/\/www.pfeiffersche-stiftungen.de\/index.html\">Pfeiffersche Stiftungen &#8211; Pfeiffersche Stiftungen<\/a><\/p>\n\n\n\n<h3 class=\"wp-block-heading\"><\/h3>\n\n\n\n<h3 class=\"wp-block-heading\">Unterricht im Steinzeitdorf<\/h3>\n\n\n\n<h3 class=\"wp-block-heading\">Schulunterricht an der frischen Luft  <\/h3>\n\n\n\n<p>F\u00fchren Sie Ihren Unterricht regensicher im Freien unter unserer Mittel\u00fcberdachung durch! Fragen Sie uns an oder kommen Sie pers\u00f6nlich Wochentags von 09:30 &#8211; 16:00 vorbei. <\/p>\n\n\n\n<p><a href=\"mailto:info@steinzeitdorf-randau.de\">info@steinzeitdorf-randau.de<\/a><\/p>\n\n\n\n<p>Schulbetrieb (auch au\u00dferhalb der Sommersaison), Details unter der Projektseite: <a href=\"https:\/\/www.reise-in-die-steinzeit.de\/\">https:\/\/www.reise-in-die-steinzeit.de\/<\/a> <\/p>\n\n\n\n<h3 class=\"wp-block-heading\">Streuobstwiese<\/h3>\n\n\n\n<p>Im letzten Herbst wurde am Eingang des Steinzeitdorfes eine Streuobstwiese mit 16 verschiedenenen Obstsorten angelegt.<\/p>\n\n\n\n<h3 class=\"wp-block-heading\">Weiterf\u00fchrendes Material f\u00fcr Neugierige<\/h3>\n\n\n\n<p><a rel=\"noreferrer noopener\" href=\"https:\/\/www.steinzeitdorf-randau.de\/?page_id=863\" data-type=\"URL\" data-id=\"https:\/\/www.steinzeitdorf-randau.de\/?page_id=863\" target=\"_blank\">Hier finden Sie Links zu interessanten Videos, Materialien, Handreichungen u. \u00e4. :<\/a><\/p>\n\n\n<div class=\"wp-block-image\">\n<figure class=\"aligncenter\"><img decoding=\"async\" loading=\"lazy\" width=\"189\" height=\"132\" src=\"https:\/\/www.steinzeitdorf-randau.de\/wp-content\/uploads\/2019\/09\/image001.jpg\" alt=\"\" class=\"wp-image-351\"\/><figcaption class=\"wp-element-caption\"><mark style=\"background-color:rgba(0, 0, 0, 0)\" class=\"has-inline-color has-light-green-cyan-color\">Projekt Zeitreise &#8211; gef\u00f6rdert durch das LVWA Sachsen-Anhalt<\/mark><\/figcaption><\/figure><\/div>\n\n\n<p><\/p>\n","protected":false},"excerpt":{"rendered":"<p>Letzte \u00c4nderung: 28.01.2026 Farbe f\u00fcr unsere Langh\u00e4user Waren in der Steinzeit die H\u00e4user farbig? Die Frage kann eindeutig mit Ja beantwortet werden. Man verwendete Erdfarben wie Rot, Ocker und Schwarz, die aus der nahen Umgebung gewonnen wurden, um W\u00e4nde zu verputzen und zu bemalen. Funde zeigen, dass W\u00e4nde mit farbigen Streifen und Mustern verziert wurden.&nbsp; [&hellip;]<\/p>\n","protected":false},"author":8,"featured_media":0,"parent":0,"menu_order":1,"comment_status":"closed","ping_status":"closed","template":"fullwidth.php","meta":[],"_links":{"self":[{"href":"https:\/\/www.steinzeitdorf-randau.de\/index.php?rest_route=\/wp\/v2\/pages\/27"}],"collection":[{"href":"https:\/\/www.steinzeitdorf-randau.de\/index.php?rest_route=\/wp\/v2\/pages"}],"about":[{"href":"https:\/\/www.steinzeitdorf-randau.de\/index.php?rest_route=\/wp\/v2\/types\/page"}],"author":[{"embeddable":true,"href":"https:\/\/www.steinzeitdorf-randau.de\/index.php?rest_route=\/wp\/v2\/users\/8"}],"replies":[{"embeddable":true,"href":"https:\/\/www.steinzeitdorf-randau.de\/index.php?rest_route=%2Fwp%2Fv2%2Fcomments&post=27"}],"version-history":[{"count":234,"href":"https:\/\/www.steinzeitdorf-randau.de\/index.php?rest_route=\/wp\/v2\/pages\/27\/revisions"}],"predecessor-version":[{"id":1887,"href":"https:\/\/www.steinzeitdorf-randau.de\/index.php?rest_route=\/wp\/v2\/pages\/27\/revisions\/1887"}],"wp:attachment":[{"href":"https:\/\/www.steinzeitdorf-randau.de\/index.php?rest_route=%2Fwp%2Fv2%2Fmedia&parent=27"}],"curies":[{"name":"wp","href":"https:\/\/api.w.org\/{rel}","templated":true}]}}