{"id":23,"date":"2019-02-27T11:13:23","date_gmt":"2019-02-27T10:13:23","guid":{"rendered":"http:\/\/www-1.steinzeitdorf-randau.de\/?page_id=23"},"modified":"2025-04-11T17:52:01","modified_gmt":"2025-04-11T15:52:01","slug":"steinzeitleben","status":"publish","type":"page","link":"https:\/\/www.steinzeitdorf-randau.de\/?page_id=23","title":{"rendered":"Steinzeitleben"},"content":{"rendered":"\n<p><mark style=\"background-color:rgba(0, 0, 0, 0)\" class=\"has-inline-color has-vivid-green-cyan-color\">Letzte \u00c4nderung: <\/mark>11.04. 2025<\/p>\n\n\n\n<figure class=\"wp-block-image\"><img decoding=\"async\" loading=\"lazy\" width=\"680\" height=\"250\" src=\"https:\/\/www.steinzeitdorf-randau.de\/wp-content\/uploads\/2019\/05\/mitmachen.png\" alt=\"\" class=\"wp-image-214\" srcset=\"https:\/\/www.steinzeitdorf-randau.de\/wp-content\/uploads\/2019\/05\/mitmachen.png 680w, https:\/\/www.steinzeitdorf-randau.de\/wp-content\/uploads\/2019\/05\/mitmachen-300x110.png 300w\" sizes=\"(max-width: 680px) 100vw, 680px\" \/><\/figure>\n\n\n\n<h2 class=\"wp-block-heading\">Jungsteinzeit zum Anfassen und Mitmachen<\/h2>\n\n\n\n<p>Die Besucher k\u00f6nnen im Steinzeitdorf selbst f\u00fcr ein paar Stunden in die Haut der Altvorderen schl\u00fcpfen. Man darf alles anfassen und ausprobieren.<\/p>\n\n\n\n<h3 class=\"wp-block-heading\">Steinzeittechniken<\/h3>\n\n\n\n<p>Lernen Sie &#8211; je nach Verf\u00fcgbarkeit &#8211; steinzeitliche Handarbeits- und Handwerkstechniken kennen:<\/p>\n\n\n\n<p><\/p>\n\n\n\n<ul>\n<li>Feuer anz\u00fcnden<\/li>\n\n\n\n<li>S\u00e4ubern und K\u00e4mmen von Wolle<\/li>\n\n\n\n<li>Spinnen mit Handspindeln<\/li>\n\n\n\n<li>Weben, Arbeiten am Webrahmen<\/li>\n\n\n\n<li>K\u00fcche und Garten, Kulturpflanzen<\/li>\n\n\n\n<li>Steinschleifen und Bohren<\/li>\n\n\n\n<li>Steinzeitliche Arbeitstechniken wie das Herstellen von Birkenteer<\/li>\n\n\n\n<li>Jagdwaffenherstellung und Jagen<\/li>\n<\/ul>\n\n\n\n<figure class=\"wp-block-image\"><img decoding=\"async\" loading=\"lazy\" width=\"1024\" height=\"710\" src=\"https:\/\/www.steinzeitdorf-randau.de\/wp-content\/uploads\/2019\/02\/IMG_20180526_125918-e1551270680459-1024x710.jpg\" alt=\"Feuerstelle\" class=\"wp-image-88\" srcset=\"https:\/\/www.steinzeitdorf-randau.de\/wp-content\/uploads\/2019\/02\/IMG_20180526_125918-e1551270680459-1024x710.jpg 1024w, https:\/\/www.steinzeitdorf-randau.de\/wp-content\/uploads\/2019\/02\/IMG_20180526_125918-e1551270680459-300x208.jpg 300w, https:\/\/www.steinzeitdorf-randau.de\/wp-content\/uploads\/2019\/02\/IMG_20180526_125918-e1551270680459-768x533.jpg 768w\" sizes=\"(max-width: 1024px) 100vw, 1024px\" \/><\/figure>\n\n\n\n<h3 class=\"wp-block-heading\">Zeitsprung<\/h3>\n\n\n\n<p>Eine Zeitreise macht einen Besuch im Steinzeitdorf Randau  interessant. Die Besucher k\u00f6nnen das harte &#8211; jedoch auch erstaunlich moderne &#8211; Leben der Menschen in der Jungsteinzeit nachvollziehen.<\/p>\n\n\n\n<figure class=\"wp-block-image\"><img decoding=\"async\" src=\"https:\/\/www.steinzeitdorf-randau.de\/wp-content\/uploads\/2019\/05\/Rundgang-1.png\" alt=\"Schild Rundgang\" class=\"wp-image-203\"\/><figcaption class=\"wp-element-caption\">Schild Rundgang<\/figcaption><\/figure>\n\n\n\n<figure class=\"wp-block-image size-large is-resized\"><img decoding=\"async\" loading=\"lazy\" src=\"https:\/\/www.steinzeitdorf-randau.de\/wp-content\/uploads\/2025\/04\/IMG-20201010-WA0028-1-1-726x1024.jpg\" alt=\"\" class=\"wp-image-1609\" width=\"462\" height=\"652\" srcset=\"https:\/\/www.steinzeitdorf-randau.de\/wp-content\/uploads\/2025\/04\/IMG-20201010-WA0028-1-1-726x1024.jpg 726w, https:\/\/www.steinzeitdorf-randau.de\/wp-content\/uploads\/2025\/04\/IMG-20201010-WA0028-1-1-213x300.jpg 213w, https:\/\/www.steinzeitdorf-randau.de\/wp-content\/uploads\/2025\/04\/IMG-20201010-WA0028-1-1-768x1084.jpg 768w, https:\/\/www.steinzeitdorf-randau.de\/wp-content\/uploads\/2025\/04\/IMG-20201010-WA0028-1-1.jpg 878w\" sizes=\"(max-width: 462px) 100vw, 462px\" \/><\/figure>\n\n\n\n<h3 class=\"wp-block-heading\">Herkunft der Mitteleurop\u00e4er<\/h3>\n\n\n\n<p>Die Mitteleurop\u00e4er sind sp\u00e4testens seit der Jungsteinzeit ein bunt  gemischtes V\u00f6lkchen. Eine klare genetische Abgrenzung zwischen den heutigen Einwohnern Europas ist daher unm\u00f6glich.<\/p>\n\n\n\n<p>Zum Genpool der alteingesessenen, dunkelh\u00e4utigen Wildbeutern des Mesolithikums mit \u00fcberwiegend heller Augenfarbe steuerten in der fr\u00fchen Jungsteinzeit Bauern aus Nordwestungarn mit Vorfahren aus dem Balkan und Anatolien und am Ende der Jungsteinzeit Einwanderer aus dem euroasiatischen Steppen ihr Erbgut bei. <\/p>\n\n\n\n<p>Die jetzt helle Haut der Europ\u00e4er setzte sich erst nach der Einwanderung der fr\u00fchen Ackerbauern bis zur Bronzezeit allm\u00e4hlich durch. <\/p>\n\n\n\n<p>Die sesshaften Bauern a\u00dfen Getreide und nur wenig Fleisch. Daher nahmen  sie mit der Nahrung weniger Vitamin D auf, als die Wildbeuter zuvor. Denn  Getreide ist recht arm an Vitamin D, w\u00e4hrend Fleisch viel von der wertvollen  Substanz enth\u00e4lt. Das war vermutlich der Grund, weshalb die Ackerbauern im sonnen\u00e4rmeren Mitteleuropa  allm\u00e4hlich eine helle Haut  entwickelten, denn der Mensch bildet Vitamin D in der Haut, wenn sie der Sonnenstrahlung ausgesetzt ist. Hellere  Haut kann mehr Vitamin D bilden als dunkle Haut. Die blonden Haare brachten die Einwanderer aus dem Nordosten in der sp\u00e4ten Jungsteinzeit mit. <\/p>\n\n\n\n<p>Der Vergleich alter mit modernen mitteleurop\u00e4ischen DNA-Sequenzen zeigt, dass unsere Vorfahren zu ungleichen Teilen aus drei genetisch unterschiedlichen Populationen stammen:<\/p>\n\n\n\n<ul>\n<li>Die alten  Wildbeuterkulturen des Mesolithikums (bis zu 40% %). Deren urspr\u00fcngliche Vertreter &#8211; die vor rund 45 bis 40 tausend Jahren aus der Levante nach Europa  zogen und den Neandertaler (weniger als 2 %) verdr\u00e4ngten, bis er vor rund 30.000 Jahren ausstarb &#8211; gingen vor rund 19 bis 14 tausend Jahren, nach der letzten Eiszeit in nachziehenden J\u00e4gern und Sammlern aus dem Nahen und Mittleren Osten auf. <\/li>\n\n\n\n<li>Die zu Beginn des Neolithikums eingewanderten Bauern (die sp\u00e4teren Linienbandkeramiker (zwischen 33 bis 50 %; von Osten nach Westen zunehmend). Ihre Vorfahren brachten die Kenntnisse des Ackerbaus, Kulturpflanzen und domestizierte Tiere aus Anatolien mit.  <\/li>\n\n\n\n<li>Einwanderer aus dem Nordosten (&#8222;Ancient North Eurasians&#8220;, bis zu 20 %; von S\u00fcden nach Norden zunehmend): Die Wanderung von genetischen Nachfahren der Yamnaya-Kultur aus der pontischen Steppe (Ostukraine &amp; S\u00fcdrussland) \u00fcber zun\u00e4chst S\u00fcdosteuropa f\u00fchrte vor rund 4.700 Jahren durch die Schnurkeramiker bis nach Mitteleuropa. Ein seuchenbedingter Zusammenbruch der Ackerbauern-Population Europas  &#8211; wahrscheinlich durch eine eingeschleppte Pestvariante &#8211; k\u00f6nnte ein Vakuum verursacht haben, in das die Steppennomaden vordrangen. Die Schnurkeramiker  waren zu 75% identisch mit den Yamnaya, der Rest kam wahrscheinlich von der weiblichen DNA alteingesessener Kulturen. Sie brachten auch den Ursprung der Indoeurop\u00e4ischen Sprachfamilie mit.<\/li>\n<\/ul>\n\n\n\n<p>Die Menschen der fr\u00fchen Bronzezeit waren genetisch kaum von heutigen Menschen unterscheidbar.  <\/p>\n\n\n\n<p>Erst ab der Bronzezeit konnte der Mensch aufgrund einer Mutation des Laktase-Gens Milchprodukte verdauen. Bis zur Eisenzeit war das sehr selten. Heute k\u00f6nnen das etwa 70% der Menschen in Mitteleuropa. Die Laktaseperistenz steigt von S\u00fcdosteuropa nach Nordwesteuropa an. Sie war der wirksamste Selektionsfaktor in der menschlichen Entwicklung.<\/p>\n\n\n\n<p>Zudem enth\u00fcllt die Genetik noch weiter in die Vergangenheit weisende  Verwandtschaftsbeziehungen der Europ\u00e4er \u2013 etwa zu Menschen der  Altsteinzeit, die vor 24.000 Jahren in Sibirien gelebt haben. Diese alten Asiaten wiederum waren auch Vorfahren der Menschen, die Amerika besiedelten und dadurch asiatisch-&#8222;europ\u00e4ische&#8220; Gene auf den neuen Kontinent trugen.   <\/p>\n\n\n\n<h3 class=\"wp-block-heading\">Videos<\/h3>\n\n\n\n<p>In Randauer <a href=\"https:\/\/www.youtube.com\/watch?v=O728P9o1jwk\">Steinzeitdorf<\/a> erleben Sie, wie die Menschen der sp\u00e4ten Jungsteinzeit ihren <a href=\"https:\/\/www.youtube.com\/watch?v=4gcnFvSMCk4\">Alltag<\/a> meisterten. Im 18 km entfernten Zackm\u00fcnde erleben Sie im Ringheiligtum P\u00f6mmelte, welche Kulte und Riten gefeiert wurde.<\/p>\n","protected":false},"excerpt":{"rendered":"<p>Letzte \u00c4nderung: 11.04. 2025 Jungsteinzeit zum Anfassen und Mitmachen Die Besucher k\u00f6nnen im Steinzeitdorf selbst f\u00fcr ein paar Stunden in die Haut der Altvorderen schl\u00fcpfen. Man darf alles anfassen und ausprobieren. Steinzeittechniken Lernen Sie &#8211; je nach Verf\u00fcgbarkeit &#8211; steinzeitliche Handarbeits- und Handwerkstechniken kennen: Zeitsprung Eine Zeitreise macht einen Besuch im Steinzeitdorf Randau interessant. Die [&hellip;]<\/p>\n","protected":false},"author":1,"featured_media":0,"parent":22,"menu_order":2,"comment_status":"closed","ping_status":"closed","template":"fullwidth.php","meta":[],"_links":{"self":[{"href":"https:\/\/www.steinzeitdorf-randau.de\/index.php?rest_route=\/wp\/v2\/pages\/23"}],"collection":[{"href":"https:\/\/www.steinzeitdorf-randau.de\/index.php?rest_route=\/wp\/v2\/pages"}],"about":[{"href":"https:\/\/www.steinzeitdorf-randau.de\/index.php?rest_route=\/wp\/v2\/types\/page"}],"author":[{"embeddable":true,"href":"https:\/\/www.steinzeitdorf-randau.de\/index.php?rest_route=\/wp\/v2\/users\/1"}],"replies":[{"embeddable":true,"href":"https:\/\/www.steinzeitdorf-randau.de\/index.php?rest_route=%2Fwp%2Fv2%2Fcomments&post=23"}],"version-history":[{"count":64,"href":"https:\/\/www.steinzeitdorf-randau.de\/index.php?rest_route=\/wp\/v2\/pages\/23\/revisions"}],"predecessor-version":[{"id":1611,"href":"https:\/\/www.steinzeitdorf-randau.de\/index.php?rest_route=\/wp\/v2\/pages\/23\/revisions\/1611"}],"up":[{"embeddable":true,"href":"https:\/\/www.steinzeitdorf-randau.de\/index.php?rest_route=\/wp\/v2\/pages\/22"}],"wp:attachment":[{"href":"https:\/\/www.steinzeitdorf-randau.de\/index.php?rest_route=%2Fwp%2Fv2%2Fmedia&parent=23"}],"curies":[{"name":"wp","href":"https:\/\/api.w.org\/{rel}","templated":true}]}}