{"id":13,"date":"2019-02-27T09:38:04","date_gmt":"2019-02-27T09:38:04","guid":{"rendered":"http:\/\/www-1.steinzeitdorf-randau.de\/?page_id=13"},"modified":"2019-02-27T17:12:32","modified_gmt":"2019-02-27T16:12:32","slug":"datenschutz","status":"publish","type":"page","link":"https:\/\/www.steinzeitdorf-randau.de\/?page_id=13","title":{"rendered":"Datenschutz"},"content":{"rendered":"\n<p><strong>Verantwortlicher f\u00fcr die Datenverarbeitung ist:<\/strong><\/p>\n\n\n\n<p>F\u00f6rderverein Randau e.V.<br>Zur Kreuzhorst 13<br>39114 Magdeburg- Randau<br><br>E-Mail: info@steinzeitdorf-randau.de<\/p>\n\n\n\n<p>Wir freuen uns \u00fcber Ihr Interesse an unseren Angeboten. <br>Der  Schutz Ihrer Privatsph\u00e4re ist f\u00fcr uns sehr wichtig. Nachstehend  informieren wir Sie ausf\u00fchrlich \u00fcber den Umgang mit Ihren Daten.<\/p>\n\n\n\n<h2 class=\"wp-block-heading\"><strong>Zugriffsdaten und Hosting<\/strong><br><\/h2>\n\n\n\n<p>Sie k\u00f6nnen \nunsere Webseiten besuchen, ohne Angaben zu Ihrer Person zu machen. Bei \njedem Aufruf einer Webseite speichert der Webserver lediglich \nautomatisch ein sogenanntes Server-Logfile, das z.B. den Namen der \nangeforderten Datei, Ihre IP-Adresse, Datum und Uhrzeit des Abrufs, \n\u00fcbertragene Datenmenge und den anfragenden Provider (Zugriffsdaten) \nenth\u00e4lt und den Abruf dokumentiert.<br>&nbsp;<br>Diese Zugriffsdaten werden \nausschlie\u00dflich zum Zwecke der Sicherstellung eines st\u00f6rungsfreien \nBetriebs der Seite sowie der Verbesserung unseres Angebots ausgewertet. \nDies dient gem\u00e4\u00df Art. 6 Abs. 1 S. 1 lit. f DSGVO der Wahrung unserer im \nRahmen einer Interessensabw\u00e4gung \u00fcberwiegenden berechtigten Interessen \nan einer korrekten Darstellung unseres Angebots. Alle Zugriffsdaten \nwerden sp\u00e4testens sieben Tage nach Ende Ihres Seitenbesuchs gel\u00f6scht.<\/p>\n\n\n\n<h2 class=\"wp-block-heading\"><strong>Hostingdienstleistungen durch einen Drittanbieter<\/strong> <\/h2>\n\n\n\n<p>Im  Rahmen einer Verarbeitung in unserem Auftrag erbringt ein Drittanbieter  f\u00fcr uns die Dienste zum Hosting und zur Darstellung der Webseite. Dies  dient der Wahrung unserer im Rahmen einer Interessensabw\u00e4gung  \u00fcberwiegenden berechtigten Interessen an einer korrekten Darstellung  unseres Angebots. Alle Daten, die im Rahmen der Nutzung dieser Webseite  oder in daf\u00fcr vorgesehenen Formularen wie folgend  beschrieben erhoben werden, werden auf seinen Servern verarbeitet. Eine  Verarbeitung auf anderen Servern findet nur in dem hier erl\u00e4uterten  Rahmen statt.<\/p>\n\n\n\n<p>Dieser Dienstleister sitzt innerhalb eines Landes der Europ\u00e4ischen Union oder des Europ\u00e4ischen Wirtschaftsraums.<\/p>\n\n\n\n<h2 class=\"wp-block-heading\"><strong>Datenerhebung und -verwendung zur Vertragsabwicklung, Kontaktaufnahme<\/strong><\/h2>\n\n\n\n<p>Wir erheben personenbezogene Daten, wenn Sie uns diese im Rahmen Ihrer  Anmeldung oder bei einer Kontaktaufnahme mit uns (z.B. per  Kontaktformular oder E-Mail) mitteilen. Pflichtfelder werden als solche  gekennzeichnet, da wir in diesen F\u00e4llen die Daten zwingend zur  Vertragsabwicklung, bzw. zur Bearbeitung Ihrer Kontaktaufnahme ben\u00f6tigen  und Sie ohne deren Angabe die Bestellung nicht abschlie\u00dfen, bzw. die  Kontaktaufnahme nicht versenden k\u00f6nnen. Welche Daten erhoben werden, ist  aus den jeweiligen Eingabeformularen ersichtlich. Wir verwenden die von  ihnen mitgeteilten Daten gem\u00e4\u00df Art. 6 Abs. 1 S. 1 lit. b DSGVO zur  Vertragsabwicklung und Bearbeitung Ihrer Anfragen. Nach vollst\u00e4ndiger  Abwicklung des Vertrages werden Ihre Daten f\u00fcr die weitere Verarbeitung  eingeschr\u00e4nkt und nach Ablauf etwaiger steuer- und handelsrechtlichen  Aufbewahrungsfristen gel\u00f6scht, sofern Sie nicht ausdr\u00fccklich in eine  weitere Nutzung Ihrer Daten eingewilligt haben oder wir uns eine dar\u00fcber  hinausgehende Datenverwendung vorbehalten, die gesetzlich erlaubt ist  und \u00fcber die wir Sie in dieser Erkl\u00e4rung informieren.<\/p>\n\n\n\n<h2 class=\"wp-block-heading\"><strong>Datenweitergabe<\/strong>  <\/h2>\n\n\n\n<p>Wir geben keine Daten weiter.<\/p>\n\n\n\n<h2 class=\"wp-block-heading\"><strong>Cookies und Webanalyse<\/strong><\/h2>\n\n\n\n<p>Um den Besuch unserer Website attraktiv zu gestalten und die Nutzung  bestimmter Funktionen zu erm\u00f6glichen und zur Marktforschung verwenden wir auf verschiedenen Seiten  sogenannte Cookies. Dies dient der Wahrung unserer im Rahmen einer  Interessensabw\u00e4gung \u00fcberwiegenden berechtigten Interessen an einer  optimierten Darstellung unseres Angebots gem\u00e4\u00df Art. 6 Abs. 1 S. 1 lit. f  DSGVO. Cookies sind kleine Textdateien, die automatisch auf Ihrem  Endger\u00e4t gespeichert werden. Einige der von uns verwendeten Cookies  werden nach Ende der Browser-Sitzung, also nach Schlie\u00dfen Ihres  Browsers, wieder gel\u00f6scht (sog. Sitzungs-Cookies). Andere Cookies  verbleiben auf Ihrem Endger\u00e4t und erm\u00f6glichen uns, Ihren Browser beim  n\u00e4chsten Besuch wiederzuerkennen (persistente Cookies). Die Dauer der  Speicherung k\u00f6nnen Sie der \u00dcbersicht in den Cookie-Einstellungen Ihres  Webbrowsers entnehmen. Sie k\u00f6nnen Ihren Browser so einstellen, dass Sie  \u00fcber das Setzen von Cookies informiert werden und einzeln \u00fcber deren  Annahme entscheiden oder die Annahme von Cookies f\u00fcr bestimmte F\u00e4lle  oder generell ausschlie\u00dfen. Jeder Browser unterscheidet sich in der Art,  wie er die Cookie-Einstellungen verwaltet. Diese ist in dem Hilfemen\u00fc  jedes Browsers beschrieben, welches Ihnen erl\u00e4utert, wie Sie Ihre  Cookie-Einstellungen \u00e4ndern k\u00f6nnen. Diese finden Sie f\u00fcr die jeweiligen  Browser unter den folgenden Links:<br>&nbsp;Internet Explorer\u2122: https:\/\/support.microsoft.com\/de-de\/help\/17442\/windows-internet-explorer-delete-manage-cookies<br>&nbsp;Safari\u2122: https:\/\/support.apple.com\/de-de\/guide\/safari\/sfri11471\/12.0\/mac\/10.14<br>&nbsp;Chrome\u2122: https:\/\/support.google.com\/chrome\/answer\/95647?hl=de&amp;hlrm=en<br>&nbsp;Firefox\u2122 https:\/\/support.mozilla.org\/de\/kb\/cookies-erlauben-und-ablehnen<br>&nbsp;Opera\u2122 : https:\/\/help.opera.com\/de\/latest\/web-preferences\/#cookies<br><br>Bei der Nichtannahme von Cookies kann die Funktionalit\u00e4t unserer Website eingeschr\u00e4nkt sein. <\/p>\n\n\n\n<h2 class=\"wp-block-heading\"><strong>Google Maps<\/strong><\/h2>\n\n\n\n<p>Diese Website verwendet Google Maps zur visuellen Darstellung von geographischen Informationen. Google Maps ist ein Angebot der Google Ireland Limited, einer nach irischem Recht eingetragenen und betriebenen Gesellschaft mit Sitz in Gordon House, Barrow Street, Dublin 4, Irland (www.google.de). Dies dient der Wahrung unserer im Rahmen einer Interessensabw\u00e4gung \u00fcberwiegenden berechtigten Interessen an einer optimierten Darstellung unseres Angebots sowie einer leichten Erreichbarkeit unserer Standorte gem\u00e4\u00df Art. 6 Abs. 1 lit. f) DSGVO.<br><br> Bei der Verwendung von Google Maps werden von Google Daten \u00fcber die Nutzung der Maps-Funktionen durch Webseitenbesucher \u00fcbermittelt bzw. verarbeitet, wozu insbesondere die IP-Adresse sowie Standortdaten geh\u00f6ren k\u00f6nnen. Wir haben keinen Einfluss auf diese Datenverarbeitung.<br> Soweit Informationen auf Server von Google in den USA \u00fcbertragen und dort gespeichert werden, ist die amerikanische Gesellschaft Google LLC unter dem EU-US-Privacy Shield zertifiziert. Ein aktuelles Zertifikat kann unter privacyshield.gov\/list eingesehen werden. Aufgrund dieses Abkommens zwischen den USA und der Europ\u00e4ischen Kommission hat letztere f\u00fcr unter dem Privacy Shield zertifizierte Unternehmen ein angemessenes Datenschutzniveau festgestellt.<br> Um den Service von Google Maps zu deaktivieren und damit die Daten\u00fcbermittlung an Google zu verhindern, m\u00fcssen Sie die Java-Script-Funktion in Ihrem Browser deaktivieren. In diesem Fall kann Google Maps nicht bzw. nur eingeschr\u00e4nkt genutzt werden.<br> Weitergehende Informationen \u00fcber die Datenverarbeitung durch Google finden Sie in den Datenschutzhinweisen von <a href=\"https:\/\/policies.google.com\/privacy\" target=\"_blank\" rel=\"noopener noreferrer\"><strong>Google<\/strong><\/a>. Die Nutzungsbedingungen f\u00fcr <a href=\"http:\/\/www.google.com\/intl\/de_de\/help\/terms_maps.html\" target=\"_blank\" rel=\"noopener noreferrer\"><strong>Google Maps<\/strong><\/a> beinhalten detaillierte Informationen zum Kartendienst.<br> Die Datenverarbeitung erfolgt auf Grundlage einer Vereinbarung zwischen gemeinsam Verantwortlichen gem\u00e4\u00df Art. 26 DSGVO, die Sie <a href=\"https:\/\/privacy.google.com\/intl\/de\/businesses\/mapscontrollerterms\/\" target=\"_blank\" rel=\"noopener noreferrer\"><strong>hier<\/strong><\/a> einsehen k\u00f6nnen.<\/p>\n\n\n\n<h2 class=\"wp-block-heading\"><strong>Social Media PlugIns<\/strong><\/h2>\n\n\n\n<p><strong>Verwendung von Social Plugins von Facebook, Instagram<\/strong><br> Auf unserer Website werden sogenannte Social Plugins (\u201ePlugins\u201c) von sozialen Netzwerken verwendet. <br>  Wenn Sie eine Seite unseres Webauftritts aufrufen, die ein solches  Plugin enth\u00e4lt, stellt Ihr Browser eine direkte Verbindung zu den  Servern von Facebook, Google, Twitter oder Instagram her. Der Inhalt des  Plugins wird vom jeweiligen Anbieter direkt an Ihren Browser  \u00fcbermittelt und in die Seite eingebunden. Durch die Einbindung der  Plugins erhalten die Anbieter die Information, dass Ihr Browser die  entsprechende Seite unseres Webauftritts aufgerufen hat, auch wenn Sie  kein Profil besitzen oder gerade nicht eingeloggt sind. Diese  Information (einschlie\u00dflich Ihrer IP-Adresse) wird von Ihrem Browser  direkt an einen Server des jeweiligen Anbieters (ggf. in die USA)  \u00fcbermittelt und dort gespeichert. Sind Sie bei einem der Dienste  eingeloggt, k\u00f6nnen die Anbieter den Besuch unserer Website Ihrem Profil  in dem jeweiligen sozialen Netzwerk unmittelbar zuordnen. Wenn Sie mit  den Plugins interagieren, zum Beispiel den \u201eLike\u201c- oder den  \u201eShare\u201c-Button bet\u00e4tigen, wird die entsprechende Information ebenfalls  direkt an einen Server der Anbieter \u00fcbermittelt und dort gespeichert.  Die Informationen werden au\u00dferdem in dem sozialen Netzwerk  ver\u00f6ffentlicht und dort Ihren Kontakten angezeigt. Dies dient der  Wahrung unserer im Rahmen einer Interessensabw\u00e4gung \u00fcberwiegenden  berechtigten Interessen an einer optimalen Vermarktung unseres Angebots  gem\u00e4\u00df Art. 6 Abs. 1 S. 1 lit. f DSGVO. <br> Zweck und Umfang der  Datenerhebung und die weitere Verarbeitung und Nutzung der Daten durch  die Anbieter sowie eine Kontaktm\u00f6glichkeit und Ihre diesbez\u00fcglichen  Rechte und Einstellungsm\u00f6glichkeiten zum Schutz Ihrer Privatsph\u00e4re  entnehmen Sie bitte den Datenschutzhinweisen der Anbieter. <\/p>\n\n\n\n<p>  Wenn Sie nicht m\u00f6chten, dass die sozialen Netzwerke die \u00fcber unseren  Webauftritt gesammelten Daten unmittelbar Ihrem Profil in dem jeweiligen  Dienst zuordnen, m\u00fcssen Sie sich vor Ihrem Besuch unserer Website bei  dem entsprechenden Dienst ausloggen. Sie k\u00f6nnen das Laden der Plugins  auch mit Add-Ons f\u00fcr Ihren Browser komplett verhindern, z. B. mit dem  Skript-Blocker \u201eNoScript\u201c (https:\/\/noscript.net\/).\u00a0 <\/p>\n\n\n\n<p><strong>Unsere Onlinepr\u00e4senz auf Facebook, Instagram<\/strong><br> <br>Unsere  Pr\u00e4senz auf sozialen Netzwerken und Plattformen dient einer besseren,  aktiven Kommunikation mit unseren Kunden und Interessenten. Wir  informieren dort \u00fcber unsere Angebote und laufende Dienstleistungen.<br>  Bei dem Besuch unserer Onlinepr\u00e4senzen in sozialen Medien k\u00f6nnen Ihre  Daten f\u00fcr Marktforschungs- und Werbezwecke automatisch erhoben und  gespeichert werden. Aus diesen Daten werden unter Verwendung von  Pseudonymen sog. Nutzungsprofile erstellt. Diese k\u00f6nnen verwendet  werden, um z.B. Werbeanzeigen innerhalb und au\u00dferhalb der Plattformen zu  schalten, die mutma\u00dflich Ihren Interessen entsprechen. Zu diesem Zweck  werden im Regelfall Cookies auf Ihrem Endger\u00e4t eingesetzt. In diesen  Cookies werden das Besucherverhalten und die Interessen der Nutzer  gespeichert. Dies dient gem. Art. 6 Abs. 1 lit. f. DSGVO der Wahrung  unserer im Rahmen einer Interessensabw\u00e4gung \u00fcberwiegenden berechtigten  Interessen an einer optimierten Darstellung unseres Angebots und  effektiver Kommunikation mit den Kunden und Interessenten. Falls Sie von  den jeweiligen Social-Media Plattformbetreibern um eine Einwilligung  (Einverst\u00e4ndnis) in die Datenverarbeitung gebeten werden, z.B. mit Hilfe  einer Checkbox, ist die Rechtsgrundlage der Datenverarbeitung Art. 6  Abs. 1 lit. a DSGVO.<br> Soweit die vorgenannten Social-Media  Plattformen ihren Hauptsitz in den USA haben, gilt Folgendes: F\u00fcr die  USA liegt ein Angemessenheitsbeschluss der Europ\u00e4ischen Kommission vor.  Dieser geht zur\u00fcck auf den EU-US Privacy Shield. Ein aktuelles  Zertifikat f\u00fcr das jeweilige Unternehmen kann eingesehen werden.<br>  Die detaillierten Informationen zur Verarbeitung und Nutzung der Daten  durch die Anbieter auf deren Seiten sowie eine Kontaktm\u00f6glichkeit und  Ihre diesbez\u00fcglichen Rechte und Einstellungsm\u00f6glichkeiten zum Schutz  Ihrer Privatsph\u00e4re, insbesondere Widerspruchsm\u00f6glichkeiten (Opt-Out),  entnehmen Sie bitte den unten verlinkten Datenschutzhinweisen der  Anbieter. Sollten Sie diesbez\u00fcglich dennoch Hilfe ben\u00f6tigen, k\u00f6nnen Sie  sich an uns wenden.<\/p>\n","protected":false},"excerpt":{"rendered":"<p>Verantwortlicher f\u00fcr die Datenverarbeitung ist: F\u00f6rderverein Randau e.V.Zur Kreuzhorst 1339114 Magdeburg- Randau E-Mail: info@steinzeitdorf-randau.de Wir freuen uns \u00fcber Ihr Interesse an unseren Angeboten. Der Schutz Ihrer Privatsph\u00e4re ist f\u00fcr uns sehr wichtig. Nachstehend informieren wir Sie ausf\u00fchrlich \u00fcber den Umgang mit Ihren Daten. Zugriffsdaten und Hosting Sie k\u00f6nnen unsere Webseiten besuchen, ohne Angaben zu Ihrer [&hellip;]<\/p>\n","protected":false},"author":1,"featured_media":0,"parent":0,"menu_order":0,"comment_status":"closed","ping_status":"closed","template":"","meta":[],"_links":{"self":[{"href":"https:\/\/www.steinzeitdorf-randau.de\/index.php?rest_route=\/wp\/v2\/pages\/13"}],"collection":[{"href":"https:\/\/www.steinzeitdorf-randau.de\/index.php?rest_route=\/wp\/v2\/pages"}],"about":[{"href":"https:\/\/www.steinzeitdorf-randau.de\/index.php?rest_route=\/wp\/v2\/types\/page"}],"author":[{"embeddable":true,"href":"https:\/\/www.steinzeitdorf-randau.de\/index.php?rest_route=\/wp\/v2\/users\/1"}],"replies":[{"embeddable":true,"href":"https:\/\/www.steinzeitdorf-randau.de\/index.php?rest_route=%2Fwp%2Fv2%2Fcomments&post=13"}],"version-history":[{"count":16,"href":"https:\/\/www.steinzeitdorf-randau.de\/index.php?rest_route=\/wp\/v2\/pages\/13\/revisions"}],"predecessor-version":[{"id":176,"href":"https:\/\/www.steinzeitdorf-randau.de\/index.php?rest_route=\/wp\/v2\/pages\/13\/revisions\/176"}],"wp:attachment":[{"href":"https:\/\/www.steinzeitdorf-randau.de\/index.php?rest_route=%2Fwp%2Fv2%2Fmedia&parent=13"}],"curies":[{"name":"wp","href":"https:\/\/api.w.org\/{rel}","templated":true}]}}