{"id":11,"date":"2019-02-27T09:37:46","date_gmt":"2019-02-27T08:37:46","guid":{"rendered":"http:\/\/www-1.steinzeitdorf-randau.de\/?page_id=11"},"modified":"2020-05-06T13:05:27","modified_gmt":"2020-05-06T11:05:27","slug":"impressum","status":"publish","type":"page","link":"https:\/\/www.steinzeitdorf-randau.de\/?page_id=11","title":{"rendered":"Impressum"},"content":{"rendered":"\n<p>Das Steinzeitdorf Randau ist ein Projekt engagierter B\u00fcrger aus Randau und der  Magdeburger Kreuzhorstregion.<\/p>\n\n\n\n<p><a href=\"https:\/\/www.steinzeitdorf-randau.de\/?page_id=505\">\u00dcber unser Leitbild &#8211; mehr erfahren &#8230;<\/a><\/p>\n\n\n\n<p><strong>Tr\u00e4ge<\/strong>r<\/p>\n\n\n\n<p>F\u00f6rderverein Randau e.V.&nbsp;<br>c\/o Christian Rausch<br>Zur Kreuzhorst 13<br>39114 Magdeburg<\/p>\n\n\n\n<p>1. Vorsitzender: Christian Rausch<br>2. Vorsitzender: Dr. Sebastian Herden<\/p>\n\n\n\n<p>Vereinsregister-Nr.: VR 11387<br>Gerichtsstand: Amtsgericht Stendal<br><br>Der Verein ist weder zur Teilnahme an einem Streitbeilegungsverfahren vor einer Verbraucherschlichtungsstelle verpflichtet noch bereit.<br><br>Telefon:&nbsp; &nbsp; +49 (0) 3928 45 72 875<br>E-Mail:&nbsp; &nbsp; &nbsp; info@steinzeitdorf-randau.de<br>Internetauftritt: www.steinzeitdorf-randau.de<\/p>\n\n\n\n<p>Bilder: <br>Sandy Steinicke-Thiel &#8211; https:\/\/www.facebook.com\/steinickethiel.photographie<br>Dr. Sebastian Herden<br><\/p>\n","protected":false},"excerpt":{"rendered":"<p>Das Steinzeitdorf Randau ist ein Projekt engagierter B\u00fcrger aus Randau und der Magdeburger Kreuzhorstregion. \u00dcber unser Leitbild &#8211; mehr erfahren &#8230; Tr\u00e4ger F\u00f6rderverein Randau e.V.&nbsp;c\/o Christian RauschZur Kreuzhorst 1339114 Magdeburg 1. Vorsitzender: Christian Rausch2. Vorsitzender: Dr. Sebastian Herden Vereinsregister-Nr.: VR 11387Gerichtsstand: Amtsgericht Stendal Der Verein ist weder zur Teilnahme an einem Streitbeilegungsverfahren vor einer Verbraucherschlichtungsstelle [&hellip;]<\/p>\n","protected":false},"author":1,"featured_media":0,"parent":0,"menu_order":6,"comment_status":"closed","ping_status":"closed","template":"fullwidth.php","meta":[],"_links":{"self":[{"href":"https:\/\/www.steinzeitdorf-randau.de\/index.php?rest_route=\/wp\/v2\/pages\/11"}],"collection":[{"href":"https:\/\/www.steinzeitdorf-randau.de\/index.php?rest_route=\/wp\/v2\/pages"}],"about":[{"href":"https:\/\/www.steinzeitdorf-randau.de\/index.php?rest_route=\/wp\/v2\/types\/page"}],"author":[{"embeddable":true,"href":"https:\/\/www.steinzeitdorf-randau.de\/index.php?rest_route=\/wp\/v2\/users\/1"}],"replies":[{"embeddable":true,"href":"https:\/\/www.steinzeitdorf-randau.de\/index.php?rest_route=%2Fwp%2Fv2%2Fcomments&post=11"}],"version-history":[{"count":9,"href":"https:\/\/www.steinzeitdorf-randau.de\/index.php?rest_route=\/wp\/v2\/pages\/11\/revisions"}],"predecessor-version":[{"id":550,"href":"https:\/\/www.steinzeitdorf-randau.de\/index.php?rest_route=\/wp\/v2\/pages\/11\/revisions\/550"}],"wp:attachment":[{"href":"https:\/\/www.steinzeitdorf-randau.de\/index.php?rest_route=%2Fwp%2Fv2%2Fmedia&parent=11"}],"curies":[{"name":"wp","href":"https:\/\/api.w.org\/{rel}","templated":true}]}}